{"id":663,"date":"2017-04-12T21:49:39","date_gmt":"2017-04-12T19:49:39","guid":{"rendered":"https:\/\/solarnadolina.rs\/stranica-sa-podesavanjima\/"},"modified":"2024-11-27T21:43:33","modified_gmt":"2024-11-27T19:43:33","slug":"stranica-sa-podesavanjima","status":"publish","type":"page","link":"https:\/\/solarnadolina.rs\/en\/stranica-sa-podesavanjima\/","title":{"rendered":"Settings page"},"content":{"rendered":"","protected":false},"excerpt":{"rendered":"","protected":false},"author":3,"featured_media":0,"parent":0,"menu_order":0,"comment_status":"closed","ping_status":"closed","template":"","meta":[],"acf":[],"yoast_head":"<!-- This site is optimized with the Yoast SEO plugin v21.8.1 - https:\/\/yoast.com\/wordpress\/plugins\/seo\/ -->\n<title>Settings page - Solarna Dolina<\/title>\n<meta name=\"robots\" content=\"index, follow, max-snippet:-1, max-image-preview:large, max-video-preview:-1\" \/>\n<link rel=\"canonical\" href=\"https:\/\/solarnadolina.rs\/en\/stranica-sa-podesavanjima\/\" \/>\n<meta property=\"og:locale\" content=\"en_US\" \/>\n<meta property=\"og:type\" content=\"article\" \/>\n<meta property=\"og:title\" content=\"Settings page - Solarna Dolina\" \/>\n<meta property=\"og:url\" content=\"https:\/\/solarnadolina.rs\/en\/stranica-sa-podesavanjima\/\" \/>\n<meta property=\"og:site_name\" content=\"Solarna Dolina\" \/>\n<meta property=\"article:publisher\" content=\"https:\/\/www.facebook.com\/SolarnaDolina\/\" \/>\n<meta property=\"article:modified_time\" content=\"2024-11-27T19:43:33+00:00\" \/>\n<meta property=\"og:image\" content=\"https:\/\/solarnadolina.rs\/wp-content\/uploads\/2016\/07\/101-osnovni-prikaz.jpg\" \/>\n\t<meta property=\"og:image:width\" content=\"1320\" \/>\n\t<meta property=\"og:image:height\" content=\"620\" \/>\n\t<meta property=\"og:image:type\" content=\"image\/jpeg\" \/>\n<meta name=\"twitter:card\" content=\"summary_large_image\" \/>\n<meta name=\"twitter:site\" content=\"@solarnadolina\" \/>\n<script type=\"application\/ld+json\" class=\"yoast-schema-graph\">{\"@context\":\"https:\/\/schema.org\",\"@graph\":[{\"@type\":\"WebPage\",\"@id\":\"https:\/\/solarnadolina.rs\/en\/stranica-sa-podesavanjima\/\",\"url\":\"https:\/\/solarnadolina.rs\/en\/stranica-sa-podesavanjima\/\",\"name\":\"Settings page - Solarna Dolina\",\"isPartOf\":{\"@id\":\"https:\/\/solarnadolina.rs\/#website\"},\"datePublished\":\"2017-04-12T19:49:39+00:00\",\"dateModified\":\"2024-11-27T19:43:33+00:00\",\"breadcrumb\":{\"@id\":\"https:\/\/solarnadolina.rs\/en\/stranica-sa-podesavanjima\/#breadcrumb\"},\"inLanguage\":\"en-US\",\"potentialAction\":[{\"@type\":\"ReadAction\",\"target\":[\"https:\/\/solarnadolina.rs\/en\/stranica-sa-podesavanjima\/\"]}]},{\"@type\":\"BreadcrumbList\",\"@id\":\"https:\/\/solarnadolina.rs\/en\/stranica-sa-podesavanjima\/#breadcrumb\",\"itemListElement\":[{\"@type\":\"ListItem\",\"position\":1,\"name\":\"Home\",\"item\":\"https:\/\/solarnadolina.rs\/en\/\"},{\"@type\":\"ListItem\",\"position\":2,\"name\":\"Settings page\"}]},{\"@type\":\"WebSite\",\"@id\":\"https:\/\/solarnadolina.rs\/#website\",\"url\":\"https:\/\/solarnadolina.rs\/\",\"name\":\"Solarna Dolina\",\"description\":\"Naselje zatvorenog tipa osmi\u0161ljeno sa ciljem da odgovori na potrebe savremenog na\u010dina \u017eivota, a samim tim i na savremene tendencije u projektovanju stambenih kompleksa.\",\"publisher\":{\"@id\":\"https:\/\/solarnadolina.rs\/#organization\"},\"potentialAction\":[{\"@type\":\"SearchAction\",\"target\":{\"@type\":\"EntryPoint\",\"urlTemplate\":\"https:\/\/solarnadolina.rs\/?s={search_term_string}\"},\"query-input\":\"required name=search_term_string\"}],\"inLanguage\":\"en-US\"},{\"@type\":\"Organization\",\"@id\":\"https:\/\/solarnadolina.rs\/#organization\",\"name\":\"Solarna dolina\",\"url\":\"https:\/\/solarnadolina.rs\/\",\"logo\":{\"@type\":\"ImageObject\",\"inLanguage\":\"en-US\",\"@id\":\"https:\/\/solarnadolina.rs\/#\/schema\/logo\/image\/\",\"url\":\"https:\/\/solarnadolina.rs\/wp-content\/uploads\/2016\/09\/logo-fcb-share.jpg\",\"contentUrl\":\"https:\/\/solarnadolina.rs\/wp-content\/uploads\/2016\/09\/logo-fcb-share.jpg\",\"width\":1200,\"height\":630,\"caption\":\"Solarna dolina\"},\"image\":{\"@id\":\"https:\/\/solarnadolina.rs\/#\/schema\/logo\/image\/\"},\"sameAs\":[\"https:\/\/www.facebook.com\/SolarnaDolina\/\",\"https:\/\/twitter.com\/solarnadolina\",\"https:\/\/www.instagram.com\/solarnadolina\/\",\"https:\/\/www.linkedin.com\/company\/solar-valley-solarna-dolina\/\",\"https:\/\/www.youtube.com\/channel\/UCfp3nyXZQHkXeRXA3ggHRYw\"]}]}<\/script>\n<!-- \/ Yoast SEO plugin. -->","yoast_head_json":{"title":"Settings page - Solarna Dolina","robots":{"index":"index","follow":"follow","max-snippet":"max-snippet:-1","max-image-preview":"max-image-preview:large","max-video-preview":"max-video-preview:-1"},"canonical":"https:\/\/solarnadolina.rs\/en\/stranica-sa-podesavanjima\/","og_locale":"en_US","og_type":"article","og_title":"Settings page - Solarna Dolina","og_url":"https:\/\/solarnadolina.rs\/en\/stranica-sa-podesavanjima\/","og_site_name":"Solarna Dolina","article_publisher":"https:\/\/www.facebook.com\/SolarnaDolina\/","article_modified_time":"2024-11-27T19:43:33+00:00","og_image":[{"width":1320,"height":620,"url":"https:\/\/solarnadolina.rs\/wp-content\/uploads\/2016\/07\/101-osnovni-prikaz.jpg","type":"image\/jpeg"}],"twitter_card":"summary_large_image","twitter_site":"@solarnadolina","schema":{"@context":"https:\/\/schema.org","@graph":[{"@type":"WebPage","@id":"https:\/\/solarnadolina.rs\/en\/stranica-sa-podesavanjima\/","url":"https:\/\/solarnadolina.rs\/en\/stranica-sa-podesavanjima\/","name":"Settings page - Solarna Dolina","isPartOf":{"@id":"https:\/\/solarnadolina.rs\/#website"},"datePublished":"2017-04-12T19:49:39+00:00","dateModified":"2024-11-27T19:43:33+00:00","breadcrumb":{"@id":"https:\/\/solarnadolina.rs\/en\/stranica-sa-podesavanjima\/#breadcrumb"},"inLanguage":"en-US","potentialAction":[{"@type":"ReadAction","target":["https:\/\/solarnadolina.rs\/en\/stranica-sa-podesavanjima\/"]}]},{"@type":"BreadcrumbList","@id":"https:\/\/solarnadolina.rs\/en\/stranica-sa-podesavanjima\/#breadcrumb","itemListElement":[{"@type":"ListItem","position":1,"name":"Home","item":"https:\/\/solarnadolina.rs\/en\/"},{"@type":"ListItem","position":2,"name":"Settings page"}]},{"@type":"WebSite","@id":"https:\/\/solarnadolina.rs\/#website","url":"https:\/\/solarnadolina.rs\/","name":"Solarna Dolina","description":"Naselje zatvorenog tipa osmi\u0161ljeno sa ciljem da odgovori na potrebe savremenog na\u010dina \u017eivota, a samim tim i na savremene tendencije u projektovanju stambenih kompleksa.","publisher":{"@id":"https:\/\/solarnadolina.rs\/#organization"},"potentialAction":[{"@type":"SearchAction","target":{"@type":"EntryPoint","urlTemplate":"https:\/\/solarnadolina.rs\/?s={search_term_string}"},"query-input":"required name=search_term_string"}],"inLanguage":"en-US"},{"@type":"Organization","@id":"https:\/\/solarnadolina.rs\/#organization","name":"Solarna dolina","url":"https:\/\/solarnadolina.rs\/","logo":{"@type":"ImageObject","inLanguage":"en-US","@id":"https:\/\/solarnadolina.rs\/#\/schema\/logo\/image\/","url":"https:\/\/solarnadolina.rs\/wp-content\/uploads\/2016\/09\/logo-fcb-share.jpg","contentUrl":"https:\/\/solarnadolina.rs\/wp-content\/uploads\/2016\/09\/logo-fcb-share.jpg","width":1200,"height":630,"caption":"Solarna dolina"},"image":{"@id":"https:\/\/solarnadolina.rs\/#\/schema\/logo\/image\/"},"sameAs":["https:\/\/www.facebook.com\/SolarnaDolina\/","https:\/\/twitter.com\/solarnadolina","https:\/\/www.instagram.com\/solarnadolina\/","https:\/\/www.linkedin.com\/company\/solar-valley-solarna-dolina\/","https:\/\/www.youtube.com\/channel\/UCfp3nyXZQHkXeRXA3ggHRYw"]}]}},"_links":{"self":[{"href":"https:\/\/solarnadolina.rs\/en\/wp-json\/wp\/v2\/pages\/663"}],"collection":[{"href":"https:\/\/solarnadolina.rs\/en\/wp-json\/wp\/v2\/pages"}],"about":[{"href":"https:\/\/solarnadolina.rs\/en\/wp-json\/wp\/v2\/types\/page"}],"author":[{"embeddable":true,"href":"https:\/\/solarnadolina.rs\/en\/wp-json\/wp\/v2\/users\/3"}],"replies":[{"embeddable":true,"href":"https:\/\/solarnadolina.rs\/en\/wp-json\/wp\/v2\/comments?post=663"}],"version-history":[{"count":2,"href":"https:\/\/solarnadolina.rs\/en\/wp-json\/wp\/v2\/pages\/663\/revisions"}],"predecessor-version":[{"id":2273,"href":"https:\/\/solarnadolina.rs\/en\/wp-json\/wp\/v2\/pages\/663\/revisions\/2273"}],"wp:attachment":[{"href":"https:\/\/solarnadolina.rs\/en\/wp-json\/wp\/v2\/media?parent=663"}],"curies":[{"name":"wp","href":"https:\/\/api.w.org\/{rel}","templated":true}]}}