{"id":615,"date":"2016-08-23T23:32:35","date_gmt":"2016-08-23T23:32:35","guid":{"rendered":"https:\/\/solarnadolina.rs\/reference\/"},"modified":"2017-04-12T19:08:35","modified_gmt":"2017-04-12T17:08:35","slug":"references","status":"publish","type":"page","link":"https:\/\/solarnadolina.rs\/en\/references\/","title":{"rendered":"References"},"content":{"rendered":"<h6><\/h6>\n<p style=\"text-align: justify;\">Generalni izvo\u0111a\u010d radova na izgradnji naselja <a href=\"https:\/\/solarnadolina.rs\/projekat\/\"><em>Solarna dolina<\/em><\/a> je firma &#8220;Termo-in\u017eenjering&#8221; d.o.o. sa sedi\u0161tem u Novom Sadu, u Ulici Vase Staji\u0107a 22b. Porodi\u010dna firma, \u010diji je vlasnik mr Mitko D\u017eolev (investitor), osnovana je 1991. godine. Tokom svog postojanja, u proteklih 25 godina, bavila se primarno izradom ma\u0161inskih (termotehni\u010dkih) instalacija u gra\u0111evinarstvu i industriji, a sa projektom naselja <em>Solarna dolina<\/em>, svoju delatnost pro\u0161iruje na izgradnju stambenog i poslovnog prostora visokih energetskih performansi i kvaliteta.<\/p>\n<p><strong>Izvod iz referenc liste projektovanih i izvedenih instalacija<\/strong><\/p>\n<h6><strong>GLAVNI TERMOMA\u0160INSKI PROJEKTI <\/strong><\/h6>\n<p><strong>Centralno grejanje<\/strong><\/p>\n<ul>\n<li>Stambena zgrada ul. Kisa\u010dka &#8211; Novi Sad<\/li>\n<li>Termotehni\u010dke instalacije hale &#8220;Blending ulja&#8221; sa gasnim kaloriferima Rafinerija &#8211; Novi Sad<\/li>\n<li>Centralno jedocevno grejanje sa podstanicom, stambena zgrada ul. Danila Ki\u0161a 36 &#8211; Novi Sad<\/li>\n<li>Gasno kalorifersko grejanje proizvodne hale &#8220;MIKOM&#8221; &#8211; Novi sad<\/li>\n<li>Glavni projekat ma\u0161inske instalacije centralnog grejanja i ventilcije, farma svinja Do\u017ea \u0110er\u0111 &#8211; Ba\u010dka Topola<\/li>\n<li>Centralno grejanje sa gasnom kotlarnicom Skladi\u0161no-logisti\u010dkog objekta investitora &#8220;MC Bauchemie&#8221; &#8211; Sremska Mitrovica<\/li>\n<\/ul>\n<p><strong>Gasne instalacije<\/strong><\/p>\n<ul>\n<li>Merno-regulaciona stanica PTT gara\u017ea &#8211; Novi Sad<\/li>\n<li>Gasna kotlarnica &#8220;NIS GAS&#8221; &#8211; Novi Sad<\/li>\n<li>Glavni Gasovod i MRS &#8220;MIKOM&#8221; &#8211; Novi Sad<\/li>\n<\/ul>\n<p><strong>Parne instalacije<\/strong><\/p>\n<ul>\n<li>Elaborat tehnolo\u0161kog napajanja pare &#8220;Knjaz Milo\u0161&#8221; &#8211; Aran\u0111elovac<\/li>\n<li>Razvod pare i kondenzata sa podstanicama &#8220;NEKTAR&#8221; &#8211; Ba\u010dka Palanka<\/li>\n<li>Tehnolo\u0161ko napajanje parom linije sirupane &#8220;Knjaz Milo\u0161&#8221; &#8211; Aran\u0111elovac<\/li>\n<li>Glavni projekat rekonstrukcije termotehni\u010dkih instalacija i dogradnja kapaciteta za fabriku de\u010djih kreveti\u0107a &#8220;SIMPO&#8221; &#8211; Vranje<\/li>\n<\/ul>\n<p><strong>Instalacije komprimovanog vazduha<\/strong><\/p>\n<ul>\n<li>Komprimovani vazduh na lokaciji &#8220;Milan Vidak&#8221; &#8211; Futog<\/li>\n<li>Kompresorska stanica i razvod proizvodne hale \u201cMIKOM\u201d &#8211; Novi Sad<\/li>\n<li>Kompresorska stanica &#8211; Ba\u010dka Palanka<\/li>\n<\/ul>\n<p><strong>Aspiracije<\/strong><\/p>\n<ul>\n<li>Fabrika sto\u010dne hrane &#8211; Ba\u010dka Palanka<\/li>\n<li>Aspiracija &#8220;Veterinarski zavod&#8221; &#8211; Subotica<\/li>\n<li>FSH &#8211; In\u0111ija<\/li>\n<\/ul>\n<p><strong>Ventilacije<\/strong><\/p>\n<ul>\n<li>Ventilacija dvonamenskog skloni\u0161ta &#8211; Novi Sad<\/li>\n<li>Fiskulturna sala &#8211; Susek<\/li>\n<li>Grejanje i ventilacija Sportske dvorane &#8211; Ba\u010d<\/li>\n<li>Vazdu\u0161no grejanje i ventilacija hale u okviru kompleksa &#8220;AD MINAQUA&#8221; rekuperacijom otpadne toplote &#8211; Novi Sad<\/li>\n<\/ul>\n<p><strong>Klimatizacije<\/strong><\/p>\n<ul>\n<li>Rekonstrukcija Klima sistema \u0160alter sale i trezora Panonske banke &#8211; Novi Sad<\/li>\n<li>Termoma\u0161inski elaborat I faze Fabrike duvana &#8220;RONHIL&#8221; &#8211; Novi Sad<\/li>\n<li>Grejanje i klimatizacija Sportske hale &#8211; Futog<\/li>\n<li>Grejanje i klimatizacija Sportske hale na Slanoj Bari &#8211; Novi Sad<\/li>\n<li>Grejanje, klimatizacija i ventilacija za &#8220;SPA WELLNESS CENTAR&#8221; &#8211; Novi Sad<\/li>\n<li>Centralno grejanje, ventilacija i klimatizacija proizvodno-magacinskog kompleksa i izme\u0161tanja postoje\u0107ih nadstre\u0161nica u okviru fabrike &#8220;GORENJE&#8221; &#8211; Valjevo<\/li>\n<li>Termotehni\u010dke instalacije za Ogledno imanje za muzne krave i proizvodnju mleka i mesa &#8211; Sjenica<\/li>\n<\/ul>\n<p><strong>Energetska efikasnost<\/strong><\/p>\n<ul>\n<li>Elaborat energetske efikasnosti SKCNS \u201eFabrika\u201c &#8211; Novi Sad<\/li>\n<li>Elaborati energetske efikasnosti Skladi\u0161no-logisti\u010dkog objekta investitora &#8220;MC Bauchemie&#8221; &#8211; Sremska Mitrovica<\/li>\n<li>Elaborat energetske efikasnosti stambenog objekta &#8211; Ka\u0107<\/li>\n<li>Elaborati energetske efikasnosti za objekte prve faze izgradnje naselja &#8220;Solarna dolina&#8221; &#8211; Novi Sad<\/li>\n<\/ul>\n<h6><\/h6>\n<h6><strong>IZVO\u0110ENJE TERMOMA\u0160INSKIH RADOVA <\/strong><\/h6>\n<p><strong>Centralno grejanje<\/strong><\/p>\n<ul>\n<li>Grejanje, toplotne podstanice, ventilacija skloni\u0161ta stambene zgrade u ul. Vase Staji\u0107a 22a\/b\/c &#8211; Novi Sad<\/li>\n<li>Grejanje sa kotlarnicom, stambena zgrada u ul. Cara Du\u0161ana 68 &#8211; Novi Sad<\/li>\n<li>Spoljni toplovod upravne zgrade &#8220;Knjaz Milo\u0161&#8221; &#8211; Aran\u0111elovac<\/li>\n<li>Gasno kalorifersko grejanje proizvodne hale &#8220;MIKOM&#8221; &#8211; Novi sad<\/li>\n<\/ul>\n<p><strong>Gasne instalacije<\/strong><\/p>\n<ul>\n<li>Uli\u010dni gasovod na Telepu, za &#8220;NAFTA-GAS IN\u017dENJERING&#8221; &#8211; Novi Sad<\/li>\n<li>MRS PTT Gara\u017ea &#8211; Novi Sad<\/li>\n<\/ul>\n<p><strong>Parne instalacije<\/strong><\/p>\n<ul>\n<li>Tehnolo\u0161ki parovod sa podstanicom za pripremu sirupa &#8220;Knjaz Milo\u0161&#8221; &#8211; Aran\u0111elovac<\/li>\n<\/ul>\n<p><strong>Instalacije komprimovanog vazduha<\/strong><\/p>\n<ul>\n<li>Kompresorska stanica i razvod gasa &#8220;MIKOM&#8221; &#8211; Novi Sad<\/li>\n<li>Razvod komprimovanog vazduha i spajanje voda za hla\u0111enje ma\u0161ina na rashladnu kulu za &#8220;ASCO VIDAK&#8221; &#8211; Futog<\/li>\n<\/ul>\n<p><strong>Aspiracije<\/strong><\/p>\n<ul>\n<li>Aspiracija izduvnih gasova Mercedesovog servisa \u201cMIKOM\u201d &#8211; Novi Sad<\/li>\n<\/ul>\n<p><strong>Ventilacije<\/strong><\/p>\n<ul>\n<li>Klimatizacija i ventilacija &#8220;Mati\u010darskog zdanja&#8221; &#8211; Novi Sad<\/li>\n<li>Skloni\u0161te u stambenoj zgradi u ul. Kisa\u010dka &#8211; Novi Sad<\/li>\n<li>Ventilacija laboratorije &#8220;Vodovoda&#8221; &#8211; Novi Sad<\/li>\n<\/ul>\n<p><strong>Klimatizacije<\/strong><\/p>\n<ul>\n<li>Centralna klimatizacija Vojvo\u0111anske banke, Trg Slobode 7 &#8211; Novi Sad<\/li>\n<li>Centralna klimatizacija sa podstanicama Tr\u017eni centar &#8220;LUPUS&#8221;, Dunavska 26 &#8211; Novi Sad<\/li>\n<\/ul>\n<h6><\/h6>\n<h6><strong>NEKE OD IZVEDENIH INSTALACIJA U POSLEDNJIH 10 GODINA<\/strong><\/h6>\n<p><strong>Centralno grejanje za vi\u0161e stambeno-poslovnih objekata:<\/strong><\/p>\n<ul>\n<li>Ugao ulice Radni\u010dke 16, 16a i Stra\u017eilovske 31 (centralno grejanje sa primarnom i sekundarnom podstanicom sa priklju\u010denjem na Novosadsku Toplanu, klimatizacija celog objekta individualnim split sistemima, ukupna povr\u0161ina oko 6.500 m<sup>2<\/sup>)<\/li>\n<li>Mi\u0161e Dimitrijevi\u0107a 50 i 52 (centralno grejanje sa gasnom kotlarnicom)<\/li>\n<li>Ugao Cara Du\u0161ana i Bra\u0107e Lu\u010di\u0107 (centralno grejanje sa gasnom kotlarnicom)<\/li>\n<li>Branka Baji\u0107a 54 (centralno grejanje na Novosadsku Toplanu sa centralnom pripremom TPV)<\/li>\n<li>Poslovni objekat investitora Roma Company, u Adranima, Kraljevo<\/li>\n<li>Stambeno-poslovni objekat investitora \u201eAleksandar Gradnja\u201c, ugao Bulevara Cara Lazara i Krilove ulice, Novi Sad (stambene povr\u0161ine 10.000 m<sup>2<\/sup>)<\/li>\n<li>Stambeno-poslovni objekat investitora \u201eAleksandar Gradnja\u201c, ugao ul. \u0160umadijska i Episkopa Visariona, Novi Sad (stambene povr\u0161ine oko 8.000 m<sup>2<\/sup>)<\/li>\n<\/ul>\n<p><strong>Grejanje i klimatizacija slede\u0107ih atraktivnih objekata:<\/strong><\/p>\n<ul>\n<li>Grejanje i klimatizacija tr\u017enog centra &#8220;MAXTON&#8221; u Novom Sadu (centralni sistem sa \u010dilerom i fan-coil jedinicama kasetnog tipa, grejanje tokom zimskog perioda preko Novosadske toplane, klimatizovana povr\u0161ina oko 4.000 m<sup>2<\/sup>, podno grejanjem na poslednjoj eta\u017ei objekta od oko 2.000 m<sup>2<\/sup> koja je zajedno sa jo\u0161 2 eta\u017ee u funkciji gara\u017ea)<\/li>\n<li>Grejanje i klimatizacija Sportske hale u Futogu (centralna priprema vazduha u klima komorama, putem gasnih apsorpcionih rashladnih jedinica i gasnih kotlova, povr\u0161ina objekta 5.000 m<sup>2<\/sup>)<\/li>\n<li>Grejanje i klimatizacija Sportske hale na Slanoj Bari (sli\u010dna koncepcija kao na Sportskoj hali u Futogu, uz dodatak grejanja poslovnog prostora od oko 2.000 m<sup>2<\/sup>)<\/li>\n<li>Sportski poslovni centar &#8211; zatvoreni bazen na Slanoj Bari (centralno grejanje i ventilacija bazena sa prate\u0107im sadr\u017eajima, klima komora MENERGA specijalna za bazene, povr\u0161ine oko 6.000 m<sup>2<\/sup>)<\/li>\n<li>Poslovno administrativni kompleks AD MINAQUA (centralno grejanje i klimatizacija, iskori\u0161\u0107enje otpadne toplotne energije sa \u010dilera koji se koriste u proizvodnji)<\/li>\n<li>Poslovni, prodajno servisni centar AK MIKOM (centralno grejanje i klimatizacija sa ventilacijom objekta gasnim apsorpcionim toplotnim pumpama ROBUR, povr\u0161ina oko 1.200 m<sup>2<\/sup>)<\/li>\n<li>Grejanje, klimatizacija i ventilacija porodi\u010dnog stambenog objekta na Popovici sa zatvorenim bazenom (klimatizacija multi split sistemom, grejanje kondenzacionim fasadnim kotlovima, grejanje i dogrevanje bazenske vode solarnim kolektorima &#8211; 11 komada, povr\u0161ina objekta oko 1.000 m<sup>2<\/sup>)<\/li>\n<li>Godi\u0161nji ugovor o izvo\u0111enju radova sa Lafarge BFC DOO, Beo\u010din (redovno mese\u010dno odr\u017eavanje sistema za klimatizaciju i ventilaciju pogona i izvo\u0111enje radova u periodu od 2009. do 2014. godine)<\/li>\n<li>Grejanje, klimatizacija i ventilacija laboratorije u okviru kompleksa fabrike Lafarge BFC u Beo\u010dinu (VRV sistem)<\/li>\n<li>Upravna zgrada &#8220;Agrobanka&#8221;, Sremska 3-5, Beograd<\/li>\n<li>Ventilacija restorana u okviru Kompleksa Manastira &#8220;Vaskrsenja Hristova&#8221; u Ka\u0107u<\/li>\n<li>Grejanje i klimatizacija lokala ukupne povr\u0161ine oko 1.000 m<sup>2<\/sup> u okviru stambeno-poslovnog objekta &#8220;Aleksandar Bulevar Centar&#8221; u Novom Sadu<\/li>\n<li>Grejanje, klimatizacija i ventilacija objekta &#8220;Roda market&#8221; u Futogu<\/li>\n<li>Grejanje, klimatizacija i ventilacija ekspoziture &#8220;Komercijalne banke&#8221; u ul.Modene, Novi Sad<\/li>\n<li>Grejanje i klimatizacija i ventilacija porodi\u010dnog stambenog objekta sa zatvorenim bazenom u ul. Romanijska 11 u Novom Sadu (toplotna pumpa voda\/voda, ura\u0111en sistem podnog grejanja i plafonskog hla\u0111enja, povr\u0161ina objekta oko 1.000 m<sup>2<\/sup>)<\/li>\n<li>Grejanje, klimatizacija i ventilacija porodi\u010dnog stambenog objekta u Ka\u0107u (geosonde, grejanje i klimatizacija objekta primenom toplotne pumpe zemlja\/voda (podno grejanje\/plafonsko hla\u0111enje + fan coil ure\u0111aji), sa kondenzacionim fasadnim kotlom kao alternativnim izvorom snabdevanja toplotne energije, priprema TPV solarnim kolektorima, povr\u0161ina objekta oko 600 m<sup>2<\/sup>)<\/li>\n<li>Instalacija sistema za sakupljanje i iskori\u0161\u0107enje deponijskog gasa sa izgradnjom gasovoda i upotrebom infracrvenih greja\u010da na Regionalnoj sanitarnoj deponiji &#8220;Brijesnica&#8221; u Bjeljini, kojom upravlja JP Regionalna deponija &#8220;EKO-DEP&#8221;.<\/li>\n<\/ul>\n","protected":false},"excerpt":{"rendered":"<p>Generalni izvo\u0111a\u010d radova na izgradnji naselja Solarna dolina je firma &#8220;Termo-in\u017eenjering&#8221; d.o.o. sa sedi\u0161tem u Novom Sadu, u Ulici Vase Staji\u0107a 22b. Porodi\u010dna firma, \u010diji je vlasnik mr Mitko D\u017eolev (investitor), osnovana je 1991. godine. Tokom svog postojanja, u proteklih 25 godina, bavila se primarno izradom ma\u0161inskih (termotehni\u010dkih) instalacija u gra\u0111evinarstvu i industriji, a sa&#8230;<\/p>\n","protected":false},"author":1,"featured_media":1087,"parent":0,"menu_order":0,"comment_status":"closed","ping_status":"closed","template":"","meta":[],"acf":[],"yoast_head":"<!-- This site is optimized with the Yoast SEO plugin v21.8.1 - https:\/\/yoast.com\/wordpress\/plugins\/seo\/ -->\n<title>Reference \/\/ Solarna Dolina \/\/ Vrt urbanog stanovanja<\/title>\n<meta name=\"description\" content=\"Izvod iz referenc liste projektovanih i izvedenih instalacija: glavni termoma\u0161inski projekti, izvo\u0111enje termoma\u0161inskih radova...\" \/>\n<meta name=\"robots\" content=\"index, follow, max-snippet:-1, max-image-preview:large, max-video-preview:-1\" \/>\n<link rel=\"canonical\" href=\"https:\/\/solarnadolina.rs\/en\/references\/\" \/>\n<meta property=\"og:locale\" content=\"en_US\" \/>\n<meta property=\"og:type\" content=\"article\" \/>\n<meta property=\"og:title\" content=\"Reference \/\/ Solarna Dolina \/\/ Vrt urbanog stanovanja\" \/>\n<meta property=\"og:description\" content=\"Izvod iz referenc liste projektovanih i izvedenih instalacija: glavni termoma\u0161inski projekti, izvo\u0111enje termoma\u0161inskih radova...\" \/>\n<meta property=\"og:url\" content=\"https:\/\/solarnadolina.rs\/en\/references\/\" \/>\n<meta property=\"og:site_name\" content=\"Solarna Dolina\" \/>\n<meta property=\"article:publisher\" content=\"https:\/\/www.facebook.com\/SolarnaDolina\/\" \/>\n<meta property=\"article:modified_time\" content=\"2017-04-12T17:08:35+00:00\" \/>\n<meta property=\"og:image\" content=\"https:\/\/solarnadolina.rs\/wp-content\/uploads\/2016\/07\/single_top_header.jpg\" \/>\n\t<meta property=\"og:image:width\" content=\"1920\" \/>\n\t<meta property=\"og:image:height\" content=\"320\" \/>\n\t<meta property=\"og:image:type\" content=\"image\/jpeg\" \/>\n<meta name=\"twitter:card\" content=\"summary_large_image\" \/>\n<meta name=\"twitter:site\" content=\"@solarnadolina\" \/>\n<meta name=\"twitter:label1\" content=\"Est. reading time\" \/>\n\t<meta name=\"twitter:data1\" content=\"6 minutes\" \/>\n<script type=\"application\/ld+json\" class=\"yoast-schema-graph\">{\"@context\":\"https:\/\/schema.org\",\"@graph\":[{\"@type\":\"WebPage\",\"@id\":\"https:\/\/solarnadolina.rs\/en\/references\/\",\"url\":\"https:\/\/solarnadolina.rs\/en\/references\/\",\"name\":\"Reference \/\/ Solarna Dolina \/\/ Vrt urbanog stanovanja\",\"isPartOf\":{\"@id\":\"https:\/\/solarnadolina.rs\/#website\"},\"datePublished\":\"2016-08-23T23:32:35+00:00\",\"dateModified\":\"2017-04-12T17:08:35+00:00\",\"description\":\"Izvod iz referenc liste projektovanih i izvedenih instalacija: glavni termoma\u0161inski projekti, izvo\u0111enje termoma\u0161inskih radova...\",\"breadcrumb\":{\"@id\":\"https:\/\/solarnadolina.rs\/en\/references\/#breadcrumb\"},\"inLanguage\":\"en-US\",\"potentialAction\":[{\"@type\":\"ReadAction\",\"target\":[\"https:\/\/solarnadolina.rs\/en\/references\/\"]}]},{\"@type\":\"BreadcrumbList\",\"@id\":\"https:\/\/solarnadolina.rs\/en\/references\/#breadcrumb\",\"itemListElement\":[{\"@type\":\"ListItem\",\"position\":1,\"name\":\"Home\",\"item\":\"https:\/\/solarnadolina.rs\/en\/\"},{\"@type\":\"ListItem\",\"position\":2,\"name\":\"References\"}]},{\"@type\":\"WebSite\",\"@id\":\"https:\/\/solarnadolina.rs\/#website\",\"url\":\"https:\/\/solarnadolina.rs\/\",\"name\":\"Solarna Dolina\",\"description\":\"Naselje zatvorenog tipa osmi\u0161ljeno sa ciljem da odgovori na potrebe savremenog na\u010dina \u017eivota, a samim tim i na savremene tendencije u projektovanju stambenih kompleksa.\",\"publisher\":{\"@id\":\"https:\/\/solarnadolina.rs\/#organization\"},\"potentialAction\":[{\"@type\":\"SearchAction\",\"target\":{\"@type\":\"EntryPoint\",\"urlTemplate\":\"https:\/\/solarnadolina.rs\/?s={search_term_string}\"},\"query-input\":\"required name=search_term_string\"}],\"inLanguage\":\"en-US\"},{\"@type\":\"Organization\",\"@id\":\"https:\/\/solarnadolina.rs\/#organization\",\"name\":\"Solarna dolina\",\"url\":\"https:\/\/solarnadolina.rs\/\",\"logo\":{\"@type\":\"ImageObject\",\"inLanguage\":\"en-US\",\"@id\":\"https:\/\/solarnadolina.rs\/#\/schema\/logo\/image\/\",\"url\":\"https:\/\/solarnadolina.rs\/wp-content\/uploads\/2016\/09\/logo-fcb-share.jpg\",\"contentUrl\":\"https:\/\/solarnadolina.rs\/wp-content\/uploads\/2016\/09\/logo-fcb-share.jpg\",\"width\":1200,\"height\":630,\"caption\":\"Solarna dolina\"},\"image\":{\"@id\":\"https:\/\/solarnadolina.rs\/#\/schema\/logo\/image\/\"},\"sameAs\":[\"https:\/\/www.facebook.com\/SolarnaDolina\/\",\"https:\/\/twitter.com\/solarnadolina\",\"https:\/\/www.instagram.com\/solarnadolina\/\",\"https:\/\/www.linkedin.com\/company\/solar-valley-solarna-dolina\/\",\"https:\/\/www.youtube.com\/channel\/UCfp3nyXZQHkXeRXA3ggHRYw\"]}]}<\/script>\n<!-- \/ Yoast SEO plugin. -->","yoast_head_json":{"title":"Reference \/\/ Solarna Dolina \/\/ Vrt urbanog stanovanja","description":"Izvod iz referenc liste projektovanih i izvedenih instalacija: glavni termoma\u0161inski projekti, izvo\u0111enje termoma\u0161inskih radova...","robots":{"index":"index","follow":"follow","max-snippet":"max-snippet:-1","max-image-preview":"max-image-preview:large","max-video-preview":"max-video-preview:-1"},"canonical":"https:\/\/solarnadolina.rs\/en\/references\/","og_locale":"en_US","og_type":"article","og_title":"Reference \/\/ Solarna Dolina \/\/ Vrt urbanog stanovanja","og_description":"Izvod iz referenc liste projektovanih i izvedenih instalacija: glavni termoma\u0161inski projekti, izvo\u0111enje termoma\u0161inskih radova...","og_url":"https:\/\/solarnadolina.rs\/en\/references\/","og_site_name":"Solarna Dolina","article_publisher":"https:\/\/www.facebook.com\/SolarnaDolina\/","article_modified_time":"2017-04-12T17:08:35+00:00","og_image":[{"width":1920,"height":320,"url":"https:\/\/solarnadolina.rs\/wp-content\/uploads\/2016\/07\/single_top_header.jpg","type":"image\/jpeg"}],"twitter_card":"summary_large_image","twitter_site":"@solarnadolina","twitter_misc":{"Est. reading time":"6 minutes"},"schema":{"@context":"https:\/\/schema.org","@graph":[{"@type":"WebPage","@id":"https:\/\/solarnadolina.rs\/en\/references\/","url":"https:\/\/solarnadolina.rs\/en\/references\/","name":"Reference \/\/ Solarna Dolina \/\/ Vrt urbanog stanovanja","isPartOf":{"@id":"https:\/\/solarnadolina.rs\/#website"},"datePublished":"2016-08-23T23:32:35+00:00","dateModified":"2017-04-12T17:08:35+00:00","description":"Izvod iz referenc liste projektovanih i izvedenih instalacija: glavni termoma\u0161inski projekti, izvo\u0111enje termoma\u0161inskih radova...","breadcrumb":{"@id":"https:\/\/solarnadolina.rs\/en\/references\/#breadcrumb"},"inLanguage":"en-US","potentialAction":[{"@type":"ReadAction","target":["https:\/\/solarnadolina.rs\/en\/references\/"]}]},{"@type":"BreadcrumbList","@id":"https:\/\/solarnadolina.rs\/en\/references\/#breadcrumb","itemListElement":[{"@type":"ListItem","position":1,"name":"Home","item":"https:\/\/solarnadolina.rs\/en\/"},{"@type":"ListItem","position":2,"name":"References"}]},{"@type":"WebSite","@id":"https:\/\/solarnadolina.rs\/#website","url":"https:\/\/solarnadolina.rs\/","name":"Solarna Dolina","description":"Naselje zatvorenog tipa osmi\u0161ljeno sa ciljem da odgovori na potrebe savremenog na\u010dina \u017eivota, a samim tim i na savremene tendencije u projektovanju stambenih kompleksa.","publisher":{"@id":"https:\/\/solarnadolina.rs\/#organization"},"potentialAction":[{"@type":"SearchAction","target":{"@type":"EntryPoint","urlTemplate":"https:\/\/solarnadolina.rs\/?s={search_term_string}"},"query-input":"required name=search_term_string"}],"inLanguage":"en-US"},{"@type":"Organization","@id":"https:\/\/solarnadolina.rs\/#organization","name":"Solarna dolina","url":"https:\/\/solarnadolina.rs\/","logo":{"@type":"ImageObject","inLanguage":"en-US","@id":"https:\/\/solarnadolina.rs\/#\/schema\/logo\/image\/","url":"https:\/\/solarnadolina.rs\/wp-content\/uploads\/2016\/09\/logo-fcb-share.jpg","contentUrl":"https:\/\/solarnadolina.rs\/wp-content\/uploads\/2016\/09\/logo-fcb-share.jpg","width":1200,"height":630,"caption":"Solarna dolina"},"image":{"@id":"https:\/\/solarnadolina.rs\/#\/schema\/logo\/image\/"},"sameAs":["https:\/\/www.facebook.com\/SolarnaDolina\/","https:\/\/twitter.com\/solarnadolina","https:\/\/www.instagram.com\/solarnadolina\/","https:\/\/www.linkedin.com\/company\/solar-valley-solarna-dolina\/","https:\/\/www.youtube.com\/channel\/UCfp3nyXZQHkXeRXA3ggHRYw"]}]}},"_links":{"self":[{"href":"https:\/\/solarnadolina.rs\/en\/wp-json\/wp\/v2\/pages\/615"}],"collection":[{"href":"https:\/\/solarnadolina.rs\/en\/wp-json\/wp\/v2\/pages"}],"about":[{"href":"https:\/\/solarnadolina.rs\/en\/wp-json\/wp\/v2\/types\/page"}],"author":[{"embeddable":true,"href":"https:\/\/solarnadolina.rs\/en\/wp-json\/wp\/v2\/users\/1"}],"replies":[{"embeddable":true,"href":"https:\/\/solarnadolina.rs\/en\/wp-json\/wp\/v2\/comments?post=615"}],"version-history":[{"count":0,"href":"https:\/\/solarnadolina.rs\/en\/wp-json\/wp\/v2\/pages\/615\/revisions"}],"wp:featuredmedia":[{"embeddable":true,"href":"https:\/\/solarnadolina.rs\/en\/wp-json\/wp\/v2\/media\/1087"}],"wp:attachment":[{"href":"https:\/\/solarnadolina.rs\/en\/wp-json\/wp\/v2\/media?parent=615"}],"curies":[{"name":"wp","href":"https:\/\/api.w.org\/{rel}","templated":true}]}}