{"id":599,"date":"2016-07-02T03:30:17","date_gmt":"2016-07-02T03:30:17","guid":{"rendered":"https:\/\/solarnadolina.rs\/faza-ii\/"},"modified":"2022-09-19T19:49:29","modified_gmt":"2022-09-19T17:49:29","slug":"phase-ii","status":"publish","type":"page","link":"https:\/\/solarnadolina.rs\/en\/phase-ii\/","title":{"rendered":"Phase II"},"content":{"rendered":"","protected":false},"excerpt":{"rendered":"","protected":false},"author":1,"featured_media":1143,"parent":0,"menu_order":0,"comment_status":"closed","ping_status":"closed","template":"page-faza-ii.php","meta":[],"acf":[],"yoast_head":"<!-- This site is optimized with the Yoast SEO plugin v21.8.1 - https:\/\/yoast.com\/wordpress\/plugins\/seo\/ -->\n<title>Phase II \/\/ Solarna Dolina \/\/ Garden of Urban Living<\/title>\n<meta name=\"description\" content=\"Solar Valley - Phase II includes 11.500 m2 of net living space and 620 m2 of net commercial space. Row houses are the dominant type of objects. All units ...\" \/>\n<meta name=\"robots\" content=\"index, follow, max-snippet:-1, max-image-preview:large, max-video-preview:-1\" \/>\n<link rel=\"canonical\" href=\"https:\/\/solarnadolina.rs\/en\/phase-ii\/\" \/>\n<meta property=\"og:locale\" content=\"en_US\" \/>\n<meta property=\"og:type\" content=\"article\" \/>\n<meta property=\"og:title\" content=\"Phase II \/\/ Solarna Dolina \/\/ Garden of Urban Living\" \/>\n<meta property=\"og:description\" content=\"Solar Valley - Phase II includes 11.500 m2 of net living space and 620 m2 of net commercial space. Row houses are the dominant type of objects. All units ...\" \/>\n<meta property=\"og:url\" content=\"https:\/\/solarnadolina.rs\/en\/phase-ii\/\" \/>\n<meta property=\"og:site_name\" content=\"Solarna Dolina\" \/>\n<meta property=\"article:publisher\" content=\"https:\/\/www.facebook.com\/SolarnaDolina\/\" \/>\n<meta property=\"article:modified_time\" content=\"2022-09-19T17:49:29+00:00\" \/>\n<meta property=\"og:image\" content=\"https:\/\/solarnadolina.rs\/wp-content\/uploads\/2016\/08\/faza-i.jpg\" \/>\n\t<meta property=\"og:image:width\" content=\"1200\" \/>\n\t<meta property=\"og:image:height\" content=\"630\" \/>\n\t<meta property=\"og:image:type\" content=\"image\/jpeg\" \/>\n<meta name=\"twitter:card\" content=\"summary_large_image\" \/>\n<meta name=\"twitter:site\" content=\"@solarnadolina\" \/>\n<script type=\"application\/ld+json\" class=\"yoast-schema-graph\">{\"@context\":\"https:\/\/schema.org\",\"@graph\":[{\"@type\":\"WebPage\",\"@id\":\"https:\/\/solarnadolina.rs\/en\/phase-ii\/\",\"url\":\"https:\/\/solarnadolina.rs\/en\/phase-ii\/\",\"name\":\"Phase II \/\/ Solarna Dolina \/\/ Garden of Urban Living\",\"isPartOf\":{\"@id\":\"https:\/\/solarnadolina.rs\/#website\"},\"datePublished\":\"2016-07-02T03:30:17+00:00\",\"dateModified\":\"2022-09-19T17:49:29+00:00\",\"description\":\"Solar Valley - Phase II includes 11.500 m2 of net living space and 620 m2 of net commercial space. Row houses are the dominant type of objects. All units ...\",\"breadcrumb\":{\"@id\":\"https:\/\/solarnadolina.rs\/en\/phase-ii\/#breadcrumb\"},\"inLanguage\":\"en-US\",\"potentialAction\":[{\"@type\":\"ReadAction\",\"target\":[\"https:\/\/solarnadolina.rs\/en\/phase-ii\/\"]}]},{\"@type\":\"BreadcrumbList\",\"@id\":\"https:\/\/solarnadolina.rs\/en\/phase-ii\/#breadcrumb\",\"itemListElement\":[{\"@type\":\"ListItem\",\"position\":1,\"name\":\"Home\",\"item\":\"https:\/\/solarnadolina.rs\/en\/\"},{\"@type\":\"ListItem\",\"position\":2,\"name\":\"Phase II\"}]},{\"@type\":\"WebSite\",\"@id\":\"https:\/\/solarnadolina.rs\/#website\",\"url\":\"https:\/\/solarnadolina.rs\/\",\"name\":\"Solarna Dolina\",\"description\":\"Naselje zatvorenog tipa osmi\u0161ljeno sa ciljem da odgovori na potrebe savremenog na\u010dina \u017eivota, a samim tim i na savremene tendencije u projektovanju stambenih kompleksa.\",\"publisher\":{\"@id\":\"https:\/\/solarnadolina.rs\/#organization\"},\"potentialAction\":[{\"@type\":\"SearchAction\",\"target\":{\"@type\":\"EntryPoint\",\"urlTemplate\":\"https:\/\/solarnadolina.rs\/?s={search_term_string}\"},\"query-input\":\"required name=search_term_string\"}],\"inLanguage\":\"en-US\"},{\"@type\":\"Organization\",\"@id\":\"https:\/\/solarnadolina.rs\/#organization\",\"name\":\"Solarna dolina\",\"url\":\"https:\/\/solarnadolina.rs\/\",\"logo\":{\"@type\":\"ImageObject\",\"inLanguage\":\"en-US\",\"@id\":\"https:\/\/solarnadolina.rs\/#\/schema\/logo\/image\/\",\"url\":\"https:\/\/solarnadolina.rs\/wp-content\/uploads\/2016\/09\/logo-fcb-share.jpg\",\"contentUrl\":\"https:\/\/solarnadolina.rs\/wp-content\/uploads\/2016\/09\/logo-fcb-share.jpg\",\"width\":1200,\"height\":630,\"caption\":\"Solarna dolina\"},\"image\":{\"@id\":\"https:\/\/solarnadolina.rs\/#\/schema\/logo\/image\/\"},\"sameAs\":[\"https:\/\/www.facebook.com\/SolarnaDolina\/\",\"https:\/\/twitter.com\/solarnadolina\",\"https:\/\/www.instagram.com\/solarnadolina\/\",\"https:\/\/www.linkedin.com\/company\/solar-valley-solarna-dolina\/\",\"https:\/\/www.youtube.com\/channel\/UCfp3nyXZQHkXeRXA3ggHRYw\"]}]}<\/script>\n<!-- \/ Yoast SEO plugin. -->","yoast_head_json":{"title":"Phase II \/\/ Solarna Dolina \/\/ Garden of Urban Living","description":"Solar Valley - Phase II includes 11.500 m2 of net living space and 620 m2 of net commercial space. Row houses are the dominant type of objects. All units ...","robots":{"index":"index","follow":"follow","max-snippet":"max-snippet:-1","max-image-preview":"max-image-preview:large","max-video-preview":"max-video-preview:-1"},"canonical":"https:\/\/solarnadolina.rs\/en\/phase-ii\/","og_locale":"en_US","og_type":"article","og_title":"Phase II \/\/ Solarna Dolina \/\/ Garden of Urban Living","og_description":"Solar Valley - Phase II includes 11.500 m2 of net living space and 620 m2 of net commercial space. Row houses are the dominant type of objects. All units ...","og_url":"https:\/\/solarnadolina.rs\/en\/phase-ii\/","og_site_name":"Solarna Dolina","article_publisher":"https:\/\/www.facebook.com\/SolarnaDolina\/","article_modified_time":"2022-09-19T17:49:29+00:00","og_image":[{"width":1200,"height":630,"url":"https:\/\/solarnadolina.rs\/wp-content\/uploads\/2016\/08\/faza-i.jpg","type":"image\/jpeg"}],"twitter_card":"summary_large_image","twitter_site":"@solarnadolina","schema":{"@context":"https:\/\/schema.org","@graph":[{"@type":"WebPage","@id":"https:\/\/solarnadolina.rs\/en\/phase-ii\/","url":"https:\/\/solarnadolina.rs\/en\/phase-ii\/","name":"Phase II \/\/ Solarna Dolina \/\/ Garden of Urban Living","isPartOf":{"@id":"https:\/\/solarnadolina.rs\/#website"},"datePublished":"2016-07-02T03:30:17+00:00","dateModified":"2022-09-19T17:49:29+00:00","description":"Solar Valley - Phase II includes 11.500 m2 of net living space and 620 m2 of net commercial space. Row houses are the dominant type of objects. All units ...","breadcrumb":{"@id":"https:\/\/solarnadolina.rs\/en\/phase-ii\/#breadcrumb"},"inLanguage":"en-US","potentialAction":[{"@type":"ReadAction","target":["https:\/\/solarnadolina.rs\/en\/phase-ii\/"]}]},{"@type":"BreadcrumbList","@id":"https:\/\/solarnadolina.rs\/en\/phase-ii\/#breadcrumb","itemListElement":[{"@type":"ListItem","position":1,"name":"Home","item":"https:\/\/solarnadolina.rs\/en\/"},{"@type":"ListItem","position":2,"name":"Phase II"}]},{"@type":"WebSite","@id":"https:\/\/solarnadolina.rs\/#website","url":"https:\/\/solarnadolina.rs\/","name":"Solarna Dolina","description":"Naselje zatvorenog tipa osmi\u0161ljeno sa ciljem da odgovori na potrebe savremenog na\u010dina \u017eivota, a samim tim i na savremene tendencije u projektovanju stambenih kompleksa.","publisher":{"@id":"https:\/\/solarnadolina.rs\/#organization"},"potentialAction":[{"@type":"SearchAction","target":{"@type":"EntryPoint","urlTemplate":"https:\/\/solarnadolina.rs\/?s={search_term_string}"},"query-input":"required name=search_term_string"}],"inLanguage":"en-US"},{"@type":"Organization","@id":"https:\/\/solarnadolina.rs\/#organization","name":"Solarna dolina","url":"https:\/\/solarnadolina.rs\/","logo":{"@type":"ImageObject","inLanguage":"en-US","@id":"https:\/\/solarnadolina.rs\/#\/schema\/logo\/image\/","url":"https:\/\/solarnadolina.rs\/wp-content\/uploads\/2016\/09\/logo-fcb-share.jpg","contentUrl":"https:\/\/solarnadolina.rs\/wp-content\/uploads\/2016\/09\/logo-fcb-share.jpg","width":1200,"height":630,"caption":"Solarna dolina"},"image":{"@id":"https:\/\/solarnadolina.rs\/#\/schema\/logo\/image\/"},"sameAs":["https:\/\/www.facebook.com\/SolarnaDolina\/","https:\/\/twitter.com\/solarnadolina","https:\/\/www.instagram.com\/solarnadolina\/","https:\/\/www.linkedin.com\/company\/solar-valley-solarna-dolina\/","https:\/\/www.youtube.com\/channel\/UCfp3nyXZQHkXeRXA3ggHRYw"]}]}},"_links":{"self":[{"href":"https:\/\/solarnadolina.rs\/en\/wp-json\/wp\/v2\/pages\/599"}],"collection":[{"href":"https:\/\/solarnadolina.rs\/en\/wp-json\/wp\/v2\/pages"}],"about":[{"href":"https:\/\/solarnadolina.rs\/en\/wp-json\/wp\/v2\/types\/page"}],"author":[{"embeddable":true,"href":"https:\/\/solarnadolina.rs\/en\/wp-json\/wp\/v2\/users\/1"}],"replies":[{"embeddable":true,"href":"https:\/\/solarnadolina.rs\/en\/wp-json\/wp\/v2\/comments?post=599"}],"version-history":[{"count":17,"href":"https:\/\/solarnadolina.rs\/en\/wp-json\/wp\/v2\/pages\/599\/revisions"}],"predecessor-version":[{"id":2144,"href":"https:\/\/solarnadolina.rs\/en\/wp-json\/wp\/v2\/pages\/599\/revisions\/2144"}],"wp:featuredmedia":[{"embeddable":true,"href":"https:\/\/solarnadolina.rs\/en\/wp-json\/wp\/v2\/media\/1143"}],"wp:attachment":[{"href":"https:\/\/solarnadolina.rs\/en\/wp-json\/wp\/v2\/media?parent=599"}],"curies":[{"name":"wp","href":"https:\/\/api.w.org\/{rel}","templated":true}]}}