{"id":610,"date":"2016-08-18T16:43:10","date_gmt":"2016-08-18T16:43:10","guid":{"rendered":"https:\/\/solarnadolina.rs\/projekat\/"},"modified":"2022-11-10T19:34:45","modified_gmt":"2022-11-10T17:34:45","slug":"projekt","status":"publish","type":"page","link":"https:\/\/solarnadolina.rs\/de\/projekt\/","title":{"rendered":"Projekt"},"content":{"rendered":"<p style=\"text-align: justify;\"><em>Solar Valley (Solarna Dolina)<\/em> ist eine geschlossene Siedlung, die allen Anforderungen des modernen Lebens dient. Nur <a href=\"https:\/\/g.page\/SolarnaDolina?share\" target=\"_blank\" rel=\"noopener\">10 Minuten von der Innenstadt<\/a> Novi Sad\u2019s entfernt, bietet es einfachen und schnellen Zugriff auf alle Annehmlichkeiten und \u00fcberzeugt gleichzeitig durch nat\u00fcrliche Elemente, Freifl\u00e4chen und einem hohen Ma\u00df an Privatsph\u00e4re und Sicherheit.<\/p>\n<p style=\"text-align: justify;\">Auf der Fl\u00e4che von 4.3 Hektar werden 112 Wohneinheiten in der Gr\u00f6\u00dfe zwischen 83 m2 bis 175 m2 gebaut. Die gesamte Nettofl\u00e4che betr\u00e4gt 12.500 m2. Das Valley umfasst dar\u00fcber hinaus \u00fcber 1.500 m2 Gewerbefl\u00e4che. Solar Valley \/ Solarna Dolina ist das erste Projekt dieser Art in Serbien.<\/p>\n<p style=\"text-align: justify;\">Das macht den Unterschied:<\/p>\n<ul>\n<li style=\"padding-left: 30px;\"><strong>Geschlossener Komplex<\/strong> &#8211; <span id=\"result_box\" class=\"\" lang=\"de\"><span class=\"\">die<\/span> <span class=\"\">Sicherheit der Bewohner<\/span> sowie <span class=\"VIiyi\" lang=\"de\"><span class=\"JLqJ4b ChMk0b\" data-language-for-alternatives=\"de\" data-language-to-translate-into=\"en\" data-phrase-index=\"0\" data-number-of-phrases=\"1\">Funktionalit\u00e4t<\/span><\/span> sind auf h\u00f6chstem Niveau<\/span><\/li>\n<li style=\"padding-left: 30px; text-align: justify;\"><a href=\"https:\/\/solarnadolina.rs\/vesti\/energetska-efikasnost-u-zgradarstvu\/\"><strong>Energieeffizienz<\/strong><\/a> &#8211; <span id=\"result_box\" class=\"short_text\" lang=\"de\"><span class=\"\">Geb\u00e4ude<\/span><\/span> werden in der hohen Energieeffizienzklasse projiziert, die <span class=\"VIiyi\" lang=\"de\"><span class=\"JLqJ4b ChMk0b C1N51c\" data-language-for-alternatives=\"de\" data-language-to-translate-into=\"en\" data-phrase-index=\"0\" data-number-of-phrases=\"1\">durch die Verwendung hochwertiger W\u00e4rmed\u00e4mmstoffe, T\u00fcren und Fenster, W\u00e4rmepumpen und durch optimale Raumgestaltung gew\u00e4hrleistet wird<\/span><\/span><\/li>\n<li style=\"padding-left: 30px; text-align: justify;\"><strong>Nutzung <a href=\"https:\/\/solarnadolina.rs\/vesti\/obnovljivi-izvori-energije\/\">erneuerbarer Energiequellen<\/a><\/strong> &#8211; Heizung, K\u00fchlung und Vorbereitung der Warmwasserverteilung durch Einsatz W\u00e4rmepumpen, \u00d6kologie sauberer Energiequellen, mit der <span class=\"VIiyi\" lang=\"de\"><span class=\"JLqJ4b ChMk0b\" data-language-for-alternatives=\"de\" data-language-to-translate-into=\"en\" data-phrase-index=\"0\" data-number-of-phrases=\"1\">M\u00f6glichkeit, auf den D\u00e4chern der H\u00e4user einzelne Solarkraftwerke zur Stromerzeugung zu installieren<\/span><\/span><\/li>\n<li style=\"padding-left: 30px; text-align: justify;\">Digitale Steuerungen der Temperatur in den Einheiten und <strong>Pay-per-Verbrauch<\/strong><\/li>\n<li style=\"padding-left: 30px; text-align: justify;\"><strong>Zentrale Fu\u00dfbodenheizung<\/strong><\/li>\n<li style=\"padding-left: 30px; text-align: justify;\"><span class=\"VIiyi\" lang=\"de\"><span class=\"JLqJ4b ChMk0b\" data-language-for-alternatives=\"de\" data-language-to-translate-into=\"en\" data-phrase-index=\"0\" data-number-of-phrases=\"1\"><strong>&#8222;Smart House&#8220;-Systeme<\/strong> mit M\u00f6glichkeit zur Steuerung von Beleuchtung, Jalousien, Heizung und K\u00fchlung, Installation von Rauchmeldern und \u201estillem\u201c Alarmsystem<\/span><\/span><\/li>\n<li style=\"padding-left: 30px; text-align: justify;\"><strong>Private Hinterh\u00f6fe und G\u00e4rten<\/strong><\/li>\n<li style=\"padding-left: 30px; text-align: justify;\"><strong><span class=\"VIiyi\" lang=\"de\"><span class=\"JLqJ4b ChMk0b C1N51c\" data-language-for-alternatives=\"de\" data-language-to-translate-into=\"en\" data-phrase-index=\"0\" data-number-of-phrases=\"1\">automatisches Bew\u00e4sserungssystem f\u00fcr gemeinsame Gr\u00fcnfl\u00e4chen<\/span><\/span><\/strong><\/li>\n<li style=\"padding-left: 30px; text-align: justify;\"><strong>Technische Dienstleistungen: Sicherheit, Gartenpflege, Wartung<\/strong><\/li>\n<\/ul>\n<p style=\"text-align: justify;\">Neben der Energieeffizienz und der Umweltfreundlichkeit unterst\u00fctzt das <em>Solar Valley<\/em> auch eine gesunde Lebensweise:<\/p>\n<ul>\n<li style=\"padding-left: 30px; text-align: justify;\"><strong>Radwege auf dem gesamten Bereich<\/strong><\/li>\n<li style=\"padding-left: 30px; text-align: justify;\"><strong>Gym und Outdoor-Aktivit\u00e4ten<\/strong><\/li>\n<li style=\"padding-left: 30px; text-align: justify;\"><strong>Bereich f\u00fcr Bio-G\u00e4rten <\/strong>f\u00fcr Bewohner\/Eigent\u00fcmer, die gerne Ihren eigenen Garten anlegen m\u00f6chten. F\u00fcr die Gr\u00fcnanlagen ist ein zentrales System f\u00fcr die Bew\u00e4sserung vorhanden. Die <span class=\"VIiyi\" lang=\"de\"><span class=\"JLqJ4b ChMk0b C1N51c\" data-language-for-alternatives=\"de\" data-language-to-translate-into=\"en\" data-phrase-index=\"1\" data-number-of-phrases=\"3\">Parzellen befinden sich in den Zonen mit maximaler Sonneneinstrahlung.<\/span><\/span> Gr\u00fcne Fl\u00e4chen, die nicht genutzen sind, werden durch den technischen Service der Solar Valley versorgt<\/li>\n<\/ul>\n<p style=\"text-align: justify;\"><span id=\"result_box\" class=\"\" lang=\"de\"><span class=\"\">Dass die<\/span> Solar Valley wirklich eine Urbanes Leben in <span class=\"m_-437332694450486538gmail-st\">gr\u00fcner Umbegung<\/span> anbietet, <span id=\"result_box\" class=\"short_text\" lang=\"de\"><span class=\"\">zeigen die<\/span> <span class=\"\">folgenden Informationen<\/span><\/span><\/span>:<\/p>\n<ul>\n<li style=\"padding-left: 30px; text-align: justify;\">Wohneinheiten belegen nur 28% der gesamten Fl\u00e4che<\/li>\n<li style=\"padding-left: 30px; text-align: justify;\">Der Fahrzeugverkehr liegt unter 10% gegen\u00fcber des Zentrums<\/li>\n<li style=\"padding-left: 30px; text-align: justify;\">Privath\u00f6fe und G\u00e4rten machen 18% der Fl\u00e4che aus<\/li>\n<li style=\"padding-left: 30px; text-align: justify;\"><strong>Gemeinsame Fl\u00e4chen: Gr\u00fcnfl\u00e4chen, Fu\u00dfg\u00e4nger- und Radwege und G\u00e4rten machen \u00fcber 44% der Fl\u00e4che des Dorfes aus<\/strong><\/li>\n<\/ul>\n<p style=\"text-align: justify;\">Das <em>Solar Valley<\/em> Team l\u00e4dt Sie ein Teil des energie effizienten und gesundem Lebens zu sein.<\/p>\n<p>&nbsp;<\/p>\n<p><a href=\"https:\/\/solarnadolina.rs\/de\/phase-ii\/\">PHASE II &#8211; VERKAUF <span class=\"HwtZe\" lang=\"de\"><span class=\"jCAhz ChMk0b\"><span class=\"ryNqvb\">L\u00c4UFT<\/span><\/span><\/span>!<\/a><\/p>\n","protected":false},"excerpt":{"rendered":"<p>Solar Valley (Solarna Dolina) ist eine geschlossene Siedlung, die allen Anforderungen des modernen Lebens dient. Nur 10 Minuten von der Innenstadt Novi Sad\u2019s entfernt, bietet es einfachen und schnellen Zugriff auf alle Annehmlichkeiten und \u00fcberzeugt gleichzeitig durch nat\u00fcrliche Elemente, Freifl\u00e4chen und einem hohen Ma\u00df an Privatsph\u00e4re und Sicherheit. Auf der Fl\u00e4che von 4.3 Hektar werden&#8230;<\/p>\n","protected":false},"author":1,"featured_media":1386,"parent":0,"menu_order":0,"comment_status":"closed","ping_status":"closed","template":"page-gallery.php","meta":[],"acf":[],"yoast_head":"<!-- This site is optimized with the Yoast SEO plugin v21.8.1 - https:\/\/yoast.com\/wordpress\/plugins\/seo\/ -->\n<title>Projekt \/\/ Solarna Dolina \/\/ Vrt urbanog stanovanja<\/title>\n<meta name=\"description\" content=\"Solar Valley (Solarna Dolina) ist eine in sich geschlossene Siedlung, die allen Anforderungen des modernen Lebens dient. Nur 6 Minuten von der Innenstadt ...\" \/>\n<meta name=\"robots\" content=\"index, follow, max-snippet:-1, max-image-preview:large, max-video-preview:-1\" \/>\n<link rel=\"canonical\" href=\"https:\/\/solarnadolina.rs\/de\/projekt\/\" \/>\n<meta property=\"og:locale\" content=\"de_DE\" \/>\n<meta property=\"og:type\" content=\"article\" \/>\n<meta property=\"og:title\" content=\"Projekt \/\/ Solarna Dolina \/\/ Vrt urbanog stanovanja\" \/>\n<meta property=\"og:description\" content=\"Solar Valley (Solarna Dolina) ist eine in sich geschlossene Siedlung, die allen Anforderungen des modernen Lebens dient. Nur 6 Minuten von der Innenstadt ...\" \/>\n<meta property=\"og:url\" content=\"https:\/\/solarnadolina.rs\/de\/projekt\/\" \/>\n<meta property=\"og:site_name\" content=\"Solarna Dolina\" \/>\n<meta property=\"article:publisher\" content=\"https:\/\/www.facebook.com\/SolarnaDolina\/\" \/>\n<meta property=\"article:modified_time\" content=\"2022-11-10T17:34:45+00:00\" \/>\n<meta property=\"og:image\" content=\"https:\/\/solarnadolina.rs\/wp-content\/uploads\/2016\/08\/op.jpg\" \/>\n\t<meta property=\"og:image:width\" content=\"1200\" \/>\n\t<meta property=\"og:image:height\" content=\"630\" \/>\n\t<meta property=\"og:image:type\" content=\"image\/jpeg\" \/>\n<meta name=\"twitter:card\" content=\"summary_large_image\" \/>\n<meta name=\"twitter:site\" content=\"@solarnadolina\" \/>\n<meta name=\"twitter:label1\" content=\"Gesch\u00e4tzte Lesezeit\" \/>\n\t<meta name=\"twitter:data1\" content=\"2\u00a0Minuten\" \/>\n<script type=\"application\/ld+json\" class=\"yoast-schema-graph\">{\"@context\":\"https:\/\/schema.org\",\"@graph\":[{\"@type\":\"WebPage\",\"@id\":\"https:\/\/solarnadolina.rs\/de\/projekt\/\",\"url\":\"https:\/\/solarnadolina.rs\/de\/projekt\/\",\"name\":\"Projekt \/\/ Solarna Dolina \/\/ Vrt urbanog stanovanja\",\"isPartOf\":{\"@id\":\"https:\/\/solarnadolina.rs\/#website\"},\"datePublished\":\"2016-08-18T16:43:10+00:00\",\"dateModified\":\"2022-11-10T17:34:45+00:00\",\"description\":\"Solar Valley (Solarna Dolina) ist eine in sich geschlossene Siedlung, die allen Anforderungen des modernen Lebens dient. Nur 6 Minuten von der Innenstadt ...\",\"breadcrumb\":{\"@id\":\"https:\/\/solarnadolina.rs\/de\/projekt\/#breadcrumb\"},\"inLanguage\":\"de\",\"potentialAction\":[{\"@type\":\"ReadAction\",\"target\":[\"https:\/\/solarnadolina.rs\/de\/projekt\/\"]}]},{\"@type\":\"BreadcrumbList\",\"@id\":\"https:\/\/solarnadolina.rs\/de\/projekt\/#breadcrumb\",\"itemListElement\":[{\"@type\":\"ListItem\",\"position\":1,\"name\":\"Home\",\"item\":\"https:\/\/solarnadolina.rs\/de\/\"},{\"@type\":\"ListItem\",\"position\":2,\"name\":\"Projekt\"}]},{\"@type\":\"WebSite\",\"@id\":\"https:\/\/solarnadolina.rs\/#website\",\"url\":\"https:\/\/solarnadolina.rs\/\",\"name\":\"Solarna Dolina\",\"description\":\"Naselje zatvorenog tipa osmi\u0161ljeno sa ciljem da odgovori na potrebe savremenog na\u010dina \u017eivota, a samim tim i na savremene tendencije u projektovanju stambenih kompleksa.\",\"publisher\":{\"@id\":\"https:\/\/solarnadolina.rs\/#organization\"},\"potentialAction\":[{\"@type\":\"SearchAction\",\"target\":{\"@type\":\"EntryPoint\",\"urlTemplate\":\"https:\/\/solarnadolina.rs\/?s={search_term_string}\"},\"query-input\":\"required name=search_term_string\"}],\"inLanguage\":\"de\"},{\"@type\":\"Organization\",\"@id\":\"https:\/\/solarnadolina.rs\/#organization\",\"name\":\"Solarna dolina\",\"url\":\"https:\/\/solarnadolina.rs\/\",\"logo\":{\"@type\":\"ImageObject\",\"inLanguage\":\"de\",\"@id\":\"https:\/\/solarnadolina.rs\/#\/schema\/logo\/image\/\",\"url\":\"https:\/\/solarnadolina.rs\/wp-content\/uploads\/2016\/09\/logo-fcb-share.jpg\",\"contentUrl\":\"https:\/\/solarnadolina.rs\/wp-content\/uploads\/2016\/09\/logo-fcb-share.jpg\",\"width\":1200,\"height\":630,\"caption\":\"Solarna dolina\"},\"image\":{\"@id\":\"https:\/\/solarnadolina.rs\/#\/schema\/logo\/image\/\"},\"sameAs\":[\"https:\/\/www.facebook.com\/SolarnaDolina\/\",\"https:\/\/twitter.com\/solarnadolina\",\"https:\/\/www.instagram.com\/solarnadolina\/\",\"https:\/\/www.linkedin.com\/company\/solar-valley-solarna-dolina\/\",\"https:\/\/www.youtube.com\/channel\/UCfp3nyXZQHkXeRXA3ggHRYw\"]}]}<\/script>\n<!-- \/ Yoast SEO plugin. -->","yoast_head_json":{"title":"Projekt \/\/ Solarna Dolina \/\/ Vrt urbanog stanovanja","description":"Solar Valley (Solarna Dolina) ist eine in sich geschlossene Siedlung, die allen Anforderungen des modernen Lebens dient. Nur 6 Minuten von der Innenstadt ...","robots":{"index":"index","follow":"follow","max-snippet":"max-snippet:-1","max-image-preview":"max-image-preview:large","max-video-preview":"max-video-preview:-1"},"canonical":"https:\/\/solarnadolina.rs\/de\/projekt\/","og_locale":"de_DE","og_type":"article","og_title":"Projekt \/\/ Solarna Dolina \/\/ Vrt urbanog stanovanja","og_description":"Solar Valley (Solarna Dolina) ist eine in sich geschlossene Siedlung, die allen Anforderungen des modernen Lebens dient. Nur 6 Minuten von der Innenstadt ...","og_url":"https:\/\/solarnadolina.rs\/de\/projekt\/","og_site_name":"Solarna Dolina","article_publisher":"https:\/\/www.facebook.com\/SolarnaDolina\/","article_modified_time":"2022-11-10T17:34:45+00:00","og_image":[{"width":1200,"height":630,"url":"https:\/\/solarnadolina.rs\/wp-content\/uploads\/2016\/08\/op.jpg","type":"image\/jpeg"}],"twitter_card":"summary_large_image","twitter_site":"@solarnadolina","twitter_misc":{"Gesch\u00e4tzte Lesezeit":"2\u00a0Minuten"},"schema":{"@context":"https:\/\/schema.org","@graph":[{"@type":"WebPage","@id":"https:\/\/solarnadolina.rs\/de\/projekt\/","url":"https:\/\/solarnadolina.rs\/de\/projekt\/","name":"Projekt \/\/ Solarna Dolina \/\/ Vrt urbanog stanovanja","isPartOf":{"@id":"https:\/\/solarnadolina.rs\/#website"},"datePublished":"2016-08-18T16:43:10+00:00","dateModified":"2022-11-10T17:34:45+00:00","description":"Solar Valley (Solarna Dolina) ist eine in sich geschlossene Siedlung, die allen Anforderungen des modernen Lebens dient. Nur 6 Minuten von der Innenstadt ...","breadcrumb":{"@id":"https:\/\/solarnadolina.rs\/de\/projekt\/#breadcrumb"},"inLanguage":"de","potentialAction":[{"@type":"ReadAction","target":["https:\/\/solarnadolina.rs\/de\/projekt\/"]}]},{"@type":"BreadcrumbList","@id":"https:\/\/solarnadolina.rs\/de\/projekt\/#breadcrumb","itemListElement":[{"@type":"ListItem","position":1,"name":"Home","item":"https:\/\/solarnadolina.rs\/de\/"},{"@type":"ListItem","position":2,"name":"Projekt"}]},{"@type":"WebSite","@id":"https:\/\/solarnadolina.rs\/#website","url":"https:\/\/solarnadolina.rs\/","name":"Solarna Dolina","description":"Naselje zatvorenog tipa osmi\u0161ljeno sa ciljem da odgovori na potrebe savremenog na\u010dina \u017eivota, a samim tim i na savremene tendencije u projektovanju stambenih kompleksa.","publisher":{"@id":"https:\/\/solarnadolina.rs\/#organization"},"potentialAction":[{"@type":"SearchAction","target":{"@type":"EntryPoint","urlTemplate":"https:\/\/solarnadolina.rs\/?s={search_term_string}"},"query-input":"required name=search_term_string"}],"inLanguage":"de"},{"@type":"Organization","@id":"https:\/\/solarnadolina.rs\/#organization","name":"Solarna dolina","url":"https:\/\/solarnadolina.rs\/","logo":{"@type":"ImageObject","inLanguage":"de","@id":"https:\/\/solarnadolina.rs\/#\/schema\/logo\/image\/","url":"https:\/\/solarnadolina.rs\/wp-content\/uploads\/2016\/09\/logo-fcb-share.jpg","contentUrl":"https:\/\/solarnadolina.rs\/wp-content\/uploads\/2016\/09\/logo-fcb-share.jpg","width":1200,"height":630,"caption":"Solarna dolina"},"image":{"@id":"https:\/\/solarnadolina.rs\/#\/schema\/logo\/image\/"},"sameAs":["https:\/\/www.facebook.com\/SolarnaDolina\/","https:\/\/twitter.com\/solarnadolina","https:\/\/www.instagram.com\/solarnadolina\/","https:\/\/www.linkedin.com\/company\/solar-valley-solarna-dolina\/","https:\/\/www.youtube.com\/channel\/UCfp3nyXZQHkXeRXA3ggHRYw"]}]}},"_links":{"self":[{"href":"https:\/\/solarnadolina.rs\/de\/wp-json\/wp\/v2\/pages\/610"}],"collection":[{"href":"https:\/\/solarnadolina.rs\/de\/wp-json\/wp\/v2\/pages"}],"about":[{"href":"https:\/\/solarnadolina.rs\/de\/wp-json\/wp\/v2\/types\/page"}],"author":[{"embeddable":true,"href":"https:\/\/solarnadolina.rs\/de\/wp-json\/wp\/v2\/users\/1"}],"replies":[{"embeddable":true,"href":"https:\/\/solarnadolina.rs\/de\/wp-json\/wp\/v2\/comments?post=610"}],"version-history":[{"count":5,"href":"https:\/\/solarnadolina.rs\/de\/wp-json\/wp\/v2\/pages\/610\/revisions"}],"predecessor-version":[{"id":2154,"href":"https:\/\/solarnadolina.rs\/de\/wp-json\/wp\/v2\/pages\/610\/revisions\/2154"}],"wp:featuredmedia":[{"embeddable":true,"href":"https:\/\/solarnadolina.rs\/de\/wp-json\/wp\/v2\/media\/1386"}],"wp:attachment":[{"href":"https:\/\/solarnadolina.rs\/de\/wp-json\/wp\/v2\/media?parent=610"}],"curies":[{"name":"wp","href":"https:\/\/api.w.org\/{rel}","templated":true}]}}