{"id":608,"date":"2016-07-01T22:22:13","date_gmt":"2016-07-01T22:22:13","guid":{"rendered":"https:\/\/solarnadolina.rs\/kontakt\/"},"modified":"2021-12-02T21:17:42","modified_gmt":"2021-12-02T19:17:42","slug":"kontakt","status":"publish","type":"page","link":"https:\/\/solarnadolina.rs\/de\/kontakt\/","title":{"rendered":"Kontakt"},"content":{"rendered":"<p>&nbsp;<\/p>\n<p><strong><span lang=\"de-DE\" style=\"color: #999999;\">VIELEN DANK f\u00fcr Ihre Interesse<\/span><\/strong><\/p>\n<p><a href=\"https:\/\/solarnadolina.rs\/de\/projekt\"><strong>SOLAR VALLEY!<\/strong><\/a><\/p>\n<p>F\u00fcr die genauen Koordinaten des Ortes klicken Sie <a href=\"https:\/\/g.page\/SolarnaDolina?share\" target=\"_blank\" rel=\"noopener\">hier<\/a>.<\/p>\n<p>Wenn Sie Fragen oder Anregungen haben, rufen Sie uns unter <a href=\"tel:+381605584573\">+381 60 558 45 73<\/a> an oder schreiben Sie uns an <a href=\"mailto:office@solarnadolina.rs\">office@solarnadolina.rs<\/a>, und wir werden so schnell wie m\u00f6glich antworten.<\/p>\n\n<div class=\"wpcf7 no-js\" id=\"wpcf7-f653-o1\" lang=\"en-US\" dir=\"ltr\">\n<div class=\"screen-reader-response\"><p role=\"status\" aria-live=\"polite\" aria-atomic=\"true\"><\/p> <ul><\/ul><\/div>\n<form action=\"\/de\/wp-json\/wp\/v2\/pages\/608#wpcf7-f653-o1\" method=\"post\" class=\"wpcf7-form init\" aria-label=\"Contact form\" novalidate=\"novalidate\" data-status=\"init\">\n<div style=\"display: none;\">\n<input type=\"hidden\" name=\"_wpcf7\" value=\"653\" \/>\n<input type=\"hidden\" name=\"_wpcf7_version\" value=\"5.8.7\" \/>\n<input type=\"hidden\" name=\"_wpcf7_locale\" value=\"en_US\" \/>\n<input type=\"hidden\" name=\"_wpcf7_unit_tag\" value=\"wpcf7-f653-o1\" \/>\n<input type=\"hidden\" name=\"_wpcf7_container_post\" value=\"0\" \/>\n<input type=\"hidden\" name=\"_wpcf7_posted_data_hash\" value=\"\" \/>\n<input type=\"hidden\" name=\"_wpcf7_recaptcha_response\" value=\"\" \/>\n<\/div>\n<div class=\"form-group contact_first_name\"><input class=\"wpcf7-form-control wpcf7-text wpcf7-validates-as-required form-control\" name=\"contact_first_name\" type=\"text\" value=\"Name\" aria-invalid=\"false\" aria-required=\"true\" required><\/div>\n<div class=\"form-group contact_last_name\"><input class=\"wpcf7-form-control wpcf7-text wpcf7-validates-as-required form-control\" name=\"contact_last_name\" type=\"text\" value=\"Nachname\" aria-invalid=\"false\" aria-required=\"true\" required><\/div>\n<div class=\"form-group contact_email\"><input class=\"wpcf7-form-control wpcf7-email wpcf7-validates-as-required wpcf7-text wpcf7-validates-as-email form-control\" name=\"contact_email\" type=\"email\" value=\"Email\" aria-invalid=\"false\" aria-required=\"true\" required><\/div>\n<div class=\"form-group contact_message\"><textarea class=\"wpcf7-form-control wpcf7-textarea wpcf7-validates-as-required materialize-textarea form-control\" name=\"contact_message\" rows=\"4\" aria-invalid=\"false\" aria-required=\"true\" required>Nachricht<\/textarea><\/div>\n<div>Ich stimme den <a href=\"https:\/\/solarnadolina.rs\/de\/datenschutz-grundverordnung\">Nutzungsbedingungen zu<\/a>.<\/div>\n<div class=\"form-group wpcf7-form-control wpcf7-acceptance acceptance-326\"><div class=\"checkbox wpcf7-form-control wpcf7-acceptance acceptance-326\"><label ><input name=\"acceptance-326\" type=\"checkbox\" value=\"1\" aria-invalid=\"false\"><\/label><\/div><\/div>\n<div class=\"form-group\"><div><input class=\"wpcf7-form-control wpcf7-submit btn btn btn-primary\" type=\"submit\" value=\"Senden\"><\/div><\/div><p style=\"display: none !important;\" class=\"akismet-fields-container\" data-prefix=\"_wpcf7_ak_\"><label>&#916;<textarea name=\"_wpcf7_ak_hp_textarea\" cols=\"45\" rows=\"8\" maxlength=\"100\"><\/textarea><\/label><input type=\"hidden\" id=\"ak_js_1\" name=\"_wpcf7_ak_js\" value=\"13\"\/><script>document.getElementById( \"ak_js_1\" ).setAttribute( \"value\", ( new Date() ).getTime() );<\/script><\/p><div class=\"wpcf7-response-output alert alert-warning\"><\/div>\n<\/form>\n<\/div>\n\n","protected":false},"excerpt":{"rendered":"<p>&nbsp; VIELEN DANK f\u00fcr Ihre Interesse SOLAR VALLEY! F\u00fcr die genauen Koordinaten des Ortes klicken Sie hier. Wenn Sie Fragen oder Anregungen haben, rufen Sie uns unter +381 60 558 45 73 an oder schreiben Sie uns an office@solarnadolina.rs, und wir werden so schnell wie m\u00f6glich antworten.<\/p>\n","protected":false},"author":1,"featured_media":1086,"parent":0,"menu_order":0,"comment_status":"closed","ping_status":"closed","template":"page-contact.php","meta":[],"acf":[],"yoast_head":"<!-- This site is optimized with the Yoast SEO plugin v21.8.1 - https:\/\/yoast.com\/wordpress\/plugins\/seo\/ -->\n<title>Kontakt \/\/ Solarna Dolina \/\/ Urbanes Leben in gr\u00fcner Umbegung<\/title>\n<meta name=\"description\" content=\"Wenn Sie Fragen oder Anregungen haben, rufen Sie uns unter +381 60 558 45 73 an oder schreiben Sie uns an contact@solarnadolina.rs und wir werden so schnell\" \/>\n<meta name=\"robots\" content=\"index, follow, max-snippet:-1, max-image-preview:large, max-video-preview:-1\" \/>\n<link rel=\"canonical\" href=\"https:\/\/solarnadolina.rs\/de\/kontakt\/\" \/>\n<meta property=\"og:locale\" content=\"de_DE\" \/>\n<meta property=\"og:type\" content=\"article\" \/>\n<meta property=\"og:title\" content=\"Kontakt \/\/ Solarna Dolina \/\/ Urbanes Leben in gr\u00fcner Umbegung\" \/>\n<meta property=\"og:description\" content=\"Wenn Sie Fragen oder Anregungen haben, rufen Sie uns unter +381 60 558 45 73 an oder schreiben Sie uns an contact@solarnadolina.rs und wir werden so schnell\" \/>\n<meta property=\"og:url\" content=\"https:\/\/solarnadolina.rs\/de\/kontakt\/\" \/>\n<meta property=\"og:site_name\" content=\"Solarna Dolina\" \/>\n<meta property=\"article:publisher\" content=\"https:\/\/www.facebook.com\/SolarnaDolina\/\" \/>\n<meta property=\"article:modified_time\" content=\"2021-12-02T19:17:42+00:00\" \/>\n<meta property=\"og:image\" content=\"https:\/\/solarnadolina.rs\/wp-content\/uploads\/2016\/07\/contact_header_back.jpg\" \/>\n\t<meta property=\"og:image:width\" content=\"1920\" \/>\n\t<meta property=\"og:image:height\" content=\"320\" \/>\n\t<meta property=\"og:image:type\" content=\"image\/jpeg\" \/>\n<meta name=\"twitter:card\" content=\"summary_large_image\" \/>\n<meta name=\"twitter:site\" content=\"@solarnadolina\" \/>\n<script type=\"application\/ld+json\" class=\"yoast-schema-graph\">{\"@context\":\"https:\/\/schema.org\",\"@graph\":[{\"@type\":\"WebPage\",\"@id\":\"https:\/\/solarnadolina.rs\/de\/kontakt\/\",\"url\":\"https:\/\/solarnadolina.rs\/de\/kontakt\/\",\"name\":\"Kontakt \/\/ Solarna Dolina \/\/ Urbanes Leben in gr\u00fcner Umbegung\",\"isPartOf\":{\"@id\":\"https:\/\/solarnadolina.rs\/#website\"},\"datePublished\":\"2016-07-01T22:22:13+00:00\",\"dateModified\":\"2021-12-02T19:17:42+00:00\",\"description\":\"Wenn Sie Fragen oder Anregungen haben, rufen Sie uns unter +381 60 558 45 73 an oder schreiben Sie uns an contact@solarnadolina.rs und wir werden so schnell\",\"breadcrumb\":{\"@id\":\"https:\/\/solarnadolina.rs\/de\/kontakt\/#breadcrumb\"},\"inLanguage\":\"de\",\"potentialAction\":[{\"@type\":\"ReadAction\",\"target\":[\"https:\/\/solarnadolina.rs\/de\/kontakt\/\"]}]},{\"@type\":\"BreadcrumbList\",\"@id\":\"https:\/\/solarnadolina.rs\/de\/kontakt\/#breadcrumb\",\"itemListElement\":[{\"@type\":\"ListItem\",\"position\":1,\"name\":\"Home\",\"item\":\"https:\/\/solarnadolina.rs\/de\/\"},{\"@type\":\"ListItem\",\"position\":2,\"name\":\"Kontakt\"}]},{\"@type\":\"WebSite\",\"@id\":\"https:\/\/solarnadolina.rs\/#website\",\"url\":\"https:\/\/solarnadolina.rs\/\",\"name\":\"Solarna Dolina\",\"description\":\"Naselje zatvorenog tipa osmi\u0161ljeno sa ciljem da odgovori na potrebe savremenog na\u010dina \u017eivota, a samim tim i na savremene tendencije u projektovanju stambenih kompleksa.\",\"publisher\":{\"@id\":\"https:\/\/solarnadolina.rs\/#organization\"},\"potentialAction\":[{\"@type\":\"SearchAction\",\"target\":{\"@type\":\"EntryPoint\",\"urlTemplate\":\"https:\/\/solarnadolina.rs\/?s={search_term_string}\"},\"query-input\":\"required name=search_term_string\"}],\"inLanguage\":\"de\"},{\"@type\":\"Organization\",\"@id\":\"https:\/\/solarnadolina.rs\/#organization\",\"name\":\"Solarna dolina\",\"url\":\"https:\/\/solarnadolina.rs\/\",\"logo\":{\"@type\":\"ImageObject\",\"inLanguage\":\"de\",\"@id\":\"https:\/\/solarnadolina.rs\/#\/schema\/logo\/image\/\",\"url\":\"https:\/\/solarnadolina.rs\/wp-content\/uploads\/2016\/09\/logo-fcb-share.jpg\",\"contentUrl\":\"https:\/\/solarnadolina.rs\/wp-content\/uploads\/2016\/09\/logo-fcb-share.jpg\",\"width\":1200,\"height\":630,\"caption\":\"Solarna dolina\"},\"image\":{\"@id\":\"https:\/\/solarnadolina.rs\/#\/schema\/logo\/image\/\"},\"sameAs\":[\"https:\/\/www.facebook.com\/SolarnaDolina\/\",\"https:\/\/twitter.com\/solarnadolina\",\"https:\/\/www.instagram.com\/solarnadolina\/\",\"https:\/\/www.linkedin.com\/company\/solar-valley-solarna-dolina\/\",\"https:\/\/www.youtube.com\/channel\/UCfp3nyXZQHkXeRXA3ggHRYw\"]}]}<\/script>\n<!-- \/ Yoast SEO plugin. -->","yoast_head_json":{"title":"Kontakt \/\/ Solarna Dolina \/\/ Urbanes Leben in gr\u00fcner Umbegung","description":"Wenn Sie Fragen oder Anregungen haben, rufen Sie uns unter +381 60 558 45 73 an oder schreiben Sie uns an contact@solarnadolina.rs und wir werden so schnell","robots":{"index":"index","follow":"follow","max-snippet":"max-snippet:-1","max-image-preview":"max-image-preview:large","max-video-preview":"max-video-preview:-1"},"canonical":"https:\/\/solarnadolina.rs\/de\/kontakt\/","og_locale":"de_DE","og_type":"article","og_title":"Kontakt \/\/ Solarna Dolina \/\/ Urbanes Leben in gr\u00fcner Umbegung","og_description":"Wenn Sie Fragen oder Anregungen haben, rufen Sie uns unter +381 60 558 45 73 an oder schreiben Sie uns an contact@solarnadolina.rs und wir werden so schnell","og_url":"https:\/\/solarnadolina.rs\/de\/kontakt\/","og_site_name":"Solarna Dolina","article_publisher":"https:\/\/www.facebook.com\/SolarnaDolina\/","article_modified_time":"2021-12-02T19:17:42+00:00","og_image":[{"width":1920,"height":320,"url":"https:\/\/solarnadolina.rs\/wp-content\/uploads\/2016\/07\/contact_header_back.jpg","type":"image\/jpeg"}],"twitter_card":"summary_large_image","twitter_site":"@solarnadolina","schema":{"@context":"https:\/\/schema.org","@graph":[{"@type":"WebPage","@id":"https:\/\/solarnadolina.rs\/de\/kontakt\/","url":"https:\/\/solarnadolina.rs\/de\/kontakt\/","name":"Kontakt \/\/ Solarna Dolina \/\/ Urbanes Leben in gr\u00fcner Umbegung","isPartOf":{"@id":"https:\/\/solarnadolina.rs\/#website"},"datePublished":"2016-07-01T22:22:13+00:00","dateModified":"2021-12-02T19:17:42+00:00","description":"Wenn Sie Fragen oder Anregungen haben, rufen Sie uns unter +381 60 558 45 73 an oder schreiben Sie uns an contact@solarnadolina.rs und wir werden so schnell","breadcrumb":{"@id":"https:\/\/solarnadolina.rs\/de\/kontakt\/#breadcrumb"},"inLanguage":"de","potentialAction":[{"@type":"ReadAction","target":["https:\/\/solarnadolina.rs\/de\/kontakt\/"]}]},{"@type":"BreadcrumbList","@id":"https:\/\/solarnadolina.rs\/de\/kontakt\/#breadcrumb","itemListElement":[{"@type":"ListItem","position":1,"name":"Home","item":"https:\/\/solarnadolina.rs\/de\/"},{"@type":"ListItem","position":2,"name":"Kontakt"}]},{"@type":"WebSite","@id":"https:\/\/solarnadolina.rs\/#website","url":"https:\/\/solarnadolina.rs\/","name":"Solarna Dolina","description":"Naselje zatvorenog tipa osmi\u0161ljeno sa ciljem da odgovori na potrebe savremenog na\u010dina \u017eivota, a samim tim i na savremene tendencije u projektovanju stambenih kompleksa.","publisher":{"@id":"https:\/\/solarnadolina.rs\/#organization"},"potentialAction":[{"@type":"SearchAction","target":{"@type":"EntryPoint","urlTemplate":"https:\/\/solarnadolina.rs\/?s={search_term_string}"},"query-input":"required name=search_term_string"}],"inLanguage":"de"},{"@type":"Organization","@id":"https:\/\/solarnadolina.rs\/#organization","name":"Solarna dolina","url":"https:\/\/solarnadolina.rs\/","logo":{"@type":"ImageObject","inLanguage":"de","@id":"https:\/\/solarnadolina.rs\/#\/schema\/logo\/image\/","url":"https:\/\/solarnadolina.rs\/wp-content\/uploads\/2016\/09\/logo-fcb-share.jpg","contentUrl":"https:\/\/solarnadolina.rs\/wp-content\/uploads\/2016\/09\/logo-fcb-share.jpg","width":1200,"height":630,"caption":"Solarna dolina"},"image":{"@id":"https:\/\/solarnadolina.rs\/#\/schema\/logo\/image\/"},"sameAs":["https:\/\/www.facebook.com\/SolarnaDolina\/","https:\/\/twitter.com\/solarnadolina","https:\/\/www.instagram.com\/solarnadolina\/","https:\/\/www.linkedin.com\/company\/solar-valley-solarna-dolina\/","https:\/\/www.youtube.com\/channel\/UCfp3nyXZQHkXeRXA3ggHRYw"]}]}},"_links":{"self":[{"href":"https:\/\/solarnadolina.rs\/de\/wp-json\/wp\/v2\/pages\/608"}],"collection":[{"href":"https:\/\/solarnadolina.rs\/de\/wp-json\/wp\/v2\/pages"}],"about":[{"href":"https:\/\/solarnadolina.rs\/de\/wp-json\/wp\/v2\/types\/page"}],"author":[{"embeddable":true,"href":"https:\/\/solarnadolina.rs\/de\/wp-json\/wp\/v2\/users\/1"}],"replies":[{"embeddable":true,"href":"https:\/\/solarnadolina.rs\/de\/wp-json\/wp\/v2\/comments?post=608"}],"version-history":[{"count":1,"href":"https:\/\/solarnadolina.rs\/de\/wp-json\/wp\/v2\/pages\/608\/revisions"}],"predecessor-version":[{"id":1949,"href":"https:\/\/solarnadolina.rs\/de\/wp-json\/wp\/v2\/pages\/608\/revisions\/1949"}],"wp:featuredmedia":[{"embeddable":true,"href":"https:\/\/solarnadolina.rs\/de\/wp-json\/wp\/v2\/media\/1086"}],"wp:attachment":[{"href":"https:\/\/solarnadolina.rs\/de\/wp-json\/wp\/v2\/media?parent=608"}],"curies":[{"name":"wp","href":"https:\/\/api.w.org\/{rel}","templated":true}]}}