{"id":574,"date":"2016-06-30T22:49:52","date_gmt":"2016-06-30T22:49:52","guid":{"rendered":"https:\/\/solarnadolina.rs\/naslovna\/"},"modified":"2021-12-02T18:39:51","modified_gmt":"2021-12-02T16:39:51","slug":"haus","status":"publish","type":"page","link":"https:\/\/solarnadolina.rs\/de\/","title":{"rendered":"Haus"},"content":{"rendered":"<p><em>Solarna dolina<\/em> je naselje zatvorenog tipa osmi\u0161ljeno sa ciljem da odgovori na potrebe savremenog na\u010dina \u017eivota, a samim tim i na savremene tendencije u projektovanju stambenih kompleksa. Lokacija naselja, 6 min automobilom od centra Novog Sada, obezbe\u0111uje lak i brz pristup svim gradskim sadr\u017eajima, dok u isto vreme nudi pogodnosti \u017eivota van gradskog jezgra, gde se prevashodno misli na redukciju saobra\u0107aja i buke, dominaciju prirodnih elemenata, otvorene prostore i visoke nivoe privatnosti i sigurnosti.<\/p>\n<p>Na povr\u0161ini od oko 3.6 hektara predvi\u0111ena je izgradnja ukupno 112 stambenih jedinica povr\u0161ina od 73 m2 do 166 m2. Ukupna neto povr\u0161ina stambenog prostora iznosi 12 500 m2. U okviru naselja se nalaze i poslovni prostori i upravni i komercijalni sadr\u017eaji ukupne neto povr\u0161ine preko 1000 m2.<\/p>\n<p>Ono \u0161to nas izdvaja od trenutnih ponuda stanovanja u Novom Sadu je slede\u0107e:<\/p>\n<ul>\n<li><strong>naselje je zatvorenog tipa<\/strong> \u2013 sigurnost i bezbednost stanovnika su na najvi\u0161em nivou<\/li>\n<li><strong>energetska efikasnost<\/strong> \u2013 objekti su projektovani u B klasi energetske efikasnosti (potro\u0161nja energije za grejanje\/hla\u0111enje na godi\u0161njem nivou iznosi &lt; 30 kWh\/m2, dok je prose\u010dna potro\u0161nja u gradu oko 120 kWh\/m2, \u0161to zna\u010di da se, u skladu sa tim, mogu o\u010dekivati tro\u0161kovi oko 4 puta manji nego kod objekata vezanih na sisteme daljinskog grejanja.<\/li>\n<li><strong>kori\u0161\u0107enje obnovljivih izvora energije<\/strong> \u2013 grejanje, hla\u0111enje i priprema sanitarne tople vode se ostvaruje kori\u0161\u0107enjem solarnih kolektora i toplotnih pumpi, ekolo\u0161ki \u010distih izvora energije<\/li>\n<li>digitalni regulatori temperature po prostorijama i <strong>pla\u0107anje po utro\u0161ku<\/strong><\/li>\n<li><strong>centralno podno grejanje<\/strong>, kao oblik najkomfornijeg tipa grejanja<\/li>\n<li>kvalitetni termoizolacioni materijali i stolarija, koji garantuju izolaciju objekata u <strong>B klasi energetske efikasnosti<\/strong><\/li>\n<li><strong>privatna dvori\u0161ta u vlasni\u0161tvu stanara<\/strong><\/li>\n<li><strong>tehni\u010dka slu\u017eba odr\u017eavanja<\/strong>, koja \u0107e brinuti o svim aspektima naselja: bezbednost, ure\u0111enje i odr\u017eavanje zajedni\u010dkih prostora: \u0161etali\u0161ta, terena, igrali\u0161ta, zelenih povr\u0161ina<\/li>\n<\/ul>\n<p>Pored energetske efikasnosti i vo\u0111enja ra\u010duna o \u017eivotnoj sredini naselje <em>Solarna dolina<\/em> podr\u017eava i zdrav na\u010din \u017eivota uvo\u0111enjem slede\u0107ih sadr\u017eaja:<\/p>\n<ul>\n<li><strong>mre\u017ea pe\u0161a\u010dkih i biciklisti\u010dkih<\/strong> staza koja se pro\u017eima kroz celo naselje<\/li>\n<li><strong>teretana i druge aktivnosti na otvorenom<\/strong><\/li>\n<li>u okviru poslovnog dela predvi\u0111en je prostor studija za yogu i sli\u010dne aktivnosti<\/li>\n<li><strong>parcele za bioba\u0161te<\/strong> za stanovnike koji \u017eele da uzgajaju sopstvenu hranu. Parcele namenjene za iznajmljivanje, opremljene su centralinim sistemom za navodnjavanje i nalaze se u zonama naselja sa najvi\u0161im nivoom insolacije. Prostori bioba\u0161ti koji nisu u procesu iznajmljivanja, bi\u0107e kultivisani od strane uprave naselja kao i druge zajedni\u010dke zelene povr\u0161ine<\/li>\n<\/ul>\n<p>Da je naselje Solarna Dolina zaista <strong>vrt urbanog stanovanja<\/strong> svedo\u010de i slede\u0107i podaci:<\/p>\n<ul>\n<li>objekti zauzimaju samo 26% povr\u0161ine naselja<\/li>\n<li>kolski saobra\u0107aj koristi ispod 5% povr\u0161ine naselja<\/li>\n<li>privatna dvori\u0161ta zauzimaju 17% povr\u0161ine naselja<\/li>\n<li><strong>prostor namenjen zajedni\u010dkim povr\u0161inama: zelene povr\u0161ine, pe\u0161ake i biciklisti\u010dke staze, bioba\u0161te, sadr\u017eaji na otvorenom \u010dine preko 52% povr\u0161ine naselja<\/strong><\/li>\n<\/ul>\n<p>Tim projekta <em>Solarna dolina<\/em> poziva sve ljude koji dele na\u0161e stavove o savremenim tendencijama u na\u010dinu stanovanja i energetski efikasnom i zdravom \u017eivotu da postanu deo na\u0161e zajednice.<\/p>\n","protected":false},"excerpt":{"rendered":"<p>Solarna dolina je naselje zatvorenog tipa osmi\u0161ljeno sa ciljem da odgovori na potrebe savremenog na\u010dina \u017eivota, a samim tim i na savremene tendencije u projektovanju stambenih kompleksa. Lokacija naselja, 6 min automobilom od centra Novog Sada, obezbe\u0111uje lak i brz pristup svim gradskim sadr\u017eajima, dok u isto vreme nudi pogodnosti \u017eivota van gradskog jezgra, gde&#8230;<\/p>\n","protected":false},"author":1,"featured_media":0,"parent":0,"menu_order":0,"comment_status":"closed","ping_status":"closed","template":"page-homepage.php","meta":[],"acf":[],"yoast_head":"<!-- This site is optimized with the Yoast SEO plugin v21.8.1 - https:\/\/yoast.com\/wordpress\/plugins\/seo\/ -->\n<title>Solarna Dolina \/\/ Urbanes Leben in gr\u00fcner Umbegung \/\/ Novi Sad<\/title>\n<meta name=\"description\" content=\"Solar Valley (Solarna Dolina) ist eine in sich geschlossene Siedlung, die allen Anforderungen des modernen Lebens dient ...\" \/>\n<meta name=\"robots\" content=\"index, follow, max-snippet:-1, max-image-preview:large, max-video-preview:-1\" \/>\n<link rel=\"canonical\" href=\"https:\/\/solarnadolina.rs\/de\/\" \/>\n<meta property=\"og:locale\" content=\"de_DE\" \/>\n<meta property=\"og:type\" content=\"article\" \/>\n<meta property=\"og:title\" content=\"Solarna Dolina \/\/ Urbanes Leben in gr\u00fcner Umbegung \/\/ Novi Sad\" \/>\n<meta property=\"og:description\" content=\"Solar Valley (Solarna Dolina) ist eine in sich geschlossene Siedlung, die allen Anforderungen des modernen Lebens dient ...\" \/>\n<meta property=\"og:url\" content=\"https:\/\/solarnadolina.rs\/de\/\" \/>\n<meta property=\"og:site_name\" content=\"Solarna Dolina\" \/>\n<meta property=\"article:publisher\" content=\"https:\/\/www.facebook.com\/SolarnaDolina\/\" \/>\n<meta property=\"article:modified_time\" content=\"2021-12-02T16:39:51+00:00\" \/>\n<meta property=\"og:image\" content=\"https:\/\/solarnadolina.rs\/wp-content\/uploads\/2016\/07\/101-osnovni-prikaz.jpg\" \/>\n\t<meta property=\"og:image:width\" content=\"1320\" \/>\n\t<meta property=\"og:image:height\" content=\"620\" \/>\n\t<meta property=\"og:image:type\" content=\"image\/jpeg\" \/>\n<meta name=\"twitter:card\" content=\"summary_large_image\" \/>\n<meta name=\"twitter:image\" content=\"https:\/\/solarnadolina.rs\/wp-content\/uploads\/2016\/06\/home_slide_003.jpg\" \/>\n<meta name=\"twitter:site\" content=\"@solarnadolina\" \/>\n<meta name=\"twitter:label1\" content=\"Gesch\u00e4tzte Lesezeit\" \/>\n\t<meta name=\"twitter:data1\" content=\"3\u00a0Minuten\" \/>\n<script type=\"application\/ld+json\" class=\"yoast-schema-graph\">{\"@context\":\"https:\/\/schema.org\",\"@graph\":[{\"@type\":\"WebPage\",\"@id\":\"https:\/\/solarnadolina.rs\/de\/\",\"url\":\"https:\/\/solarnadolina.rs\/de\/\",\"name\":\"Solarna Dolina \/\/ Urbanes Leben in gr\u00fcner Umbegung \/\/ Novi Sad\",\"isPartOf\":{\"@id\":\"https:\/\/solarnadolina.rs\/#website\"},\"datePublished\":\"2016-06-30T22:49:52+00:00\",\"dateModified\":\"2021-12-02T16:39:51+00:00\",\"description\":\"Solar Valley (Solarna Dolina) ist eine in sich geschlossene Siedlung, die allen Anforderungen des modernen Lebens dient ...\",\"breadcrumb\":{\"@id\":\"https:\/\/solarnadolina.rs\/de\/#breadcrumb\"},\"inLanguage\":\"de\",\"potentialAction\":[{\"@type\":\"ReadAction\",\"target\":[\"https:\/\/solarnadolina.rs\/de\/\"]}]},{\"@type\":\"BreadcrumbList\",\"@id\":\"https:\/\/solarnadolina.rs\/de\/#breadcrumb\",\"itemListElement\":[{\"@type\":\"ListItem\",\"position\":1,\"name\":\"Home\",\"item\":\"https:\/\/solarnadolina.rs\/de\/\"},{\"@type\":\"ListItem\",\"position\":2,\"name\":\"Haus\"}]},{\"@type\":\"WebSite\",\"@id\":\"https:\/\/solarnadolina.rs\/#website\",\"url\":\"https:\/\/solarnadolina.rs\/\",\"name\":\"Solarna Dolina\",\"description\":\"Naselje zatvorenog tipa osmi\u0161ljeno sa ciljem da odgovori na potrebe savremenog na\u010dina \u017eivota, a samim tim i na savremene tendencije u projektovanju stambenih kompleksa.\",\"publisher\":{\"@id\":\"https:\/\/solarnadolina.rs\/#organization\"},\"potentialAction\":[{\"@type\":\"SearchAction\",\"target\":{\"@type\":\"EntryPoint\",\"urlTemplate\":\"https:\/\/solarnadolina.rs\/?s={search_term_string}\"},\"query-input\":\"required name=search_term_string\"}],\"inLanguage\":\"de\"},{\"@type\":\"Organization\",\"@id\":\"https:\/\/solarnadolina.rs\/#organization\",\"name\":\"Solarna dolina\",\"url\":\"https:\/\/solarnadolina.rs\/\",\"logo\":{\"@type\":\"ImageObject\",\"inLanguage\":\"de\",\"@id\":\"https:\/\/solarnadolina.rs\/#\/schema\/logo\/image\/\",\"url\":\"https:\/\/solarnadolina.rs\/wp-content\/uploads\/2016\/09\/logo-fcb-share.jpg\",\"contentUrl\":\"https:\/\/solarnadolina.rs\/wp-content\/uploads\/2016\/09\/logo-fcb-share.jpg\",\"width\":1200,\"height\":630,\"caption\":\"Solarna dolina\"},\"image\":{\"@id\":\"https:\/\/solarnadolina.rs\/#\/schema\/logo\/image\/\"},\"sameAs\":[\"https:\/\/www.facebook.com\/SolarnaDolina\/\",\"https:\/\/twitter.com\/solarnadolina\",\"https:\/\/www.instagram.com\/solarnadolina\/\",\"https:\/\/www.linkedin.com\/company\/solar-valley-solarna-dolina\/\",\"https:\/\/www.youtube.com\/channel\/UCfp3nyXZQHkXeRXA3ggHRYw\"]}]}<\/script>\n<!-- \/ Yoast SEO plugin. -->","yoast_head_json":{"title":"Solarna Dolina \/\/ Urbanes Leben in gr\u00fcner Umbegung \/\/ Novi Sad","description":"Solar Valley (Solarna Dolina) ist eine in sich geschlossene Siedlung, die allen Anforderungen des modernen Lebens dient ...","robots":{"index":"index","follow":"follow","max-snippet":"max-snippet:-1","max-image-preview":"max-image-preview:large","max-video-preview":"max-video-preview:-1"},"canonical":"https:\/\/solarnadolina.rs\/de\/","og_locale":"de_DE","og_type":"article","og_title":"Solarna Dolina \/\/ Urbanes Leben in gr\u00fcner Umbegung \/\/ Novi Sad","og_description":"Solar Valley (Solarna Dolina) ist eine in sich geschlossene Siedlung, die allen Anforderungen des modernen Lebens dient ...","og_url":"https:\/\/solarnadolina.rs\/de\/","og_site_name":"Solarna Dolina","article_publisher":"https:\/\/www.facebook.com\/SolarnaDolina\/","article_modified_time":"2021-12-02T16:39:51+00:00","og_image":[{"width":1320,"height":620,"url":"https:\/\/solarnadolina.rs\/wp-content\/uploads\/2016\/07\/101-osnovni-prikaz.jpg","type":"image\/jpeg"}],"twitter_card":"summary_large_image","twitter_image":"https:\/\/solarnadolina.rs\/wp-content\/uploads\/2016\/06\/home_slide_003.jpg","twitter_site":"@solarnadolina","twitter_misc":{"Gesch\u00e4tzte Lesezeit":"3\u00a0Minuten"},"schema":{"@context":"https:\/\/schema.org","@graph":[{"@type":"WebPage","@id":"https:\/\/solarnadolina.rs\/de\/","url":"https:\/\/solarnadolina.rs\/de\/","name":"Solarna Dolina \/\/ Urbanes Leben in gr\u00fcner Umbegung \/\/ Novi Sad","isPartOf":{"@id":"https:\/\/solarnadolina.rs\/#website"},"datePublished":"2016-06-30T22:49:52+00:00","dateModified":"2021-12-02T16:39:51+00:00","description":"Solar Valley (Solarna Dolina) ist eine in sich geschlossene Siedlung, die allen Anforderungen des modernen Lebens dient ...","breadcrumb":{"@id":"https:\/\/solarnadolina.rs\/de\/#breadcrumb"},"inLanguage":"de","potentialAction":[{"@type":"ReadAction","target":["https:\/\/solarnadolina.rs\/de\/"]}]},{"@type":"BreadcrumbList","@id":"https:\/\/solarnadolina.rs\/de\/#breadcrumb","itemListElement":[{"@type":"ListItem","position":1,"name":"Home","item":"https:\/\/solarnadolina.rs\/de\/"},{"@type":"ListItem","position":2,"name":"Haus"}]},{"@type":"WebSite","@id":"https:\/\/solarnadolina.rs\/#website","url":"https:\/\/solarnadolina.rs\/","name":"Solarna Dolina","description":"Naselje zatvorenog tipa osmi\u0161ljeno sa ciljem da odgovori na potrebe savremenog na\u010dina \u017eivota, a samim tim i na savremene tendencije u projektovanju stambenih kompleksa.","publisher":{"@id":"https:\/\/solarnadolina.rs\/#organization"},"potentialAction":[{"@type":"SearchAction","target":{"@type":"EntryPoint","urlTemplate":"https:\/\/solarnadolina.rs\/?s={search_term_string}"},"query-input":"required name=search_term_string"}],"inLanguage":"de"},{"@type":"Organization","@id":"https:\/\/solarnadolina.rs\/#organization","name":"Solarna dolina","url":"https:\/\/solarnadolina.rs\/","logo":{"@type":"ImageObject","inLanguage":"de","@id":"https:\/\/solarnadolina.rs\/#\/schema\/logo\/image\/","url":"https:\/\/solarnadolina.rs\/wp-content\/uploads\/2016\/09\/logo-fcb-share.jpg","contentUrl":"https:\/\/solarnadolina.rs\/wp-content\/uploads\/2016\/09\/logo-fcb-share.jpg","width":1200,"height":630,"caption":"Solarna dolina"},"image":{"@id":"https:\/\/solarnadolina.rs\/#\/schema\/logo\/image\/"},"sameAs":["https:\/\/www.facebook.com\/SolarnaDolina\/","https:\/\/twitter.com\/solarnadolina","https:\/\/www.instagram.com\/solarnadolina\/","https:\/\/www.linkedin.com\/company\/solar-valley-solarna-dolina\/","https:\/\/www.youtube.com\/channel\/UCfp3nyXZQHkXeRXA3ggHRYw"]}]}},"_links":{"self":[{"href":"https:\/\/solarnadolina.rs\/de\/wp-json\/wp\/v2\/pages\/574"}],"collection":[{"href":"https:\/\/solarnadolina.rs\/de\/wp-json\/wp\/v2\/pages"}],"about":[{"href":"https:\/\/solarnadolina.rs\/de\/wp-json\/wp\/v2\/types\/page"}],"author":[{"embeddable":true,"href":"https:\/\/solarnadolina.rs\/de\/wp-json\/wp\/v2\/users\/1"}],"replies":[{"embeddable":true,"href":"https:\/\/solarnadolina.rs\/de\/wp-json\/wp\/v2\/comments?post=574"}],"version-history":[{"count":2,"href":"https:\/\/solarnadolina.rs\/de\/wp-json\/wp\/v2\/pages\/574\/revisions"}],"predecessor-version":[{"id":1854,"href":"https:\/\/solarnadolina.rs\/de\/wp-json\/wp\/v2\/pages\/574\/revisions\/1854"}],"wp:attachment":[{"href":"https:\/\/solarnadolina.rs\/de\/wp-json\/wp\/v2\/media?parent=574"}],"curies":[{"name":"wp","href":"https:\/\/api.w.org\/{rel}","templated":true}]}}